{"id":5855,"date":"2025-06-06T14:01:28","date_gmt":"2025-06-06T12:01:28","guid":{"rendered":"https:\/\/www.daedalusonline.eu\/web\/?page_id=5855"},"modified":"2026-03-04T16:49:53","modified_gmt":"2026-03-04T14:49:53","slug":"verseny","status":"publish","type":"page","link":"https:\/\/www.daedalusonline.eu\/web\/hu\/verseny\/","title":{"rendered":"Verseny"},"content":{"rendered":"<h2><strong>Daedalus Online Alkalmaz\u00e1s<\/strong><\/h2>\n<p>\u00c9lvezd a gyors hozz\u00e1f\u00e9r\u00e9st a k\u00e9rd\u0151\u00edvekhez, \u00e9s gy\u0171jts min\u00e9l t\u00f6bb XP-t, hogy felker\u00fclj a ranglista \u00e9l\u00e9re, ahol pontjutalomban r\u00e9szes\u00fclhetsz.<\/p>\n<p>&nbsp;<\/p>\n<p><img decoding=\"async\" class=\"wp-image-5909  alignleft\" src=\"https:\/\/www.daedalusonline.eu\/web\/wp-content\/uploads\/2025\/06\/Daedalus-Online-App-Icons-300x274.png\" alt=\"\" width=\"330\" height=\"301\" srcset=\"https:\/\/www.daedalusonline.eu\/web\/wp-content\/uploads\/2025\/06\/Daedalus-Online-App-Icons-300x274.png 300w, https:\/\/www.daedalusonline.eu\/web\/wp-content\/uploads\/2025\/06\/Daedalus-Online-App-Icons.png 689w\" sizes=\"(max-width: 330px) 100vw, 330px\" \/><\/p>\n<p><strong>Mi az \u00fajdons\u00e1g?<\/strong><\/p>\n<ul>\n<li><strong>Szem\u00e9lyre szabottabb kit\u00f6lt\u00e9si \u00e9lm\u00e9ny<\/strong> \u2013 Mostant\u00f3l felt\u00f6lthetsz egy profilk\u00e9pet, amely t\u00e9ged k\u00e9pvisel, \u00e9s be\u00e1ll\u00edthatod, hogy milyen gyakran szeretn\u00e9l \u00e9rtes\u00edt\u00e9st kapni az el\u00e9rhet\u0151 k\u00e9rd\u0151\u00edvekr\u0151l, nyerem\u00e9nyj\u00e1t\u00e9kokr\u00f3l, akt\u00edv kamp\u00e1nyokr\u00f3l \u00e9s egy\u00e9b lehet\u0151s\u00e9gekr\u0151l;<\/li>\n<\/ul>\n<p>&nbsp;<\/p>\n<ul>\n<li><strong>Felhaszn\u00e1l\u00f3bar\u00e1t design<\/strong> \u2013 kreat\u00edv \u00e9lm\u00e9nyre tervezve \u2013 Az ikonok seg\u00edts\u00e9g\u00e9vel most k\u00f6nnyebb meg\u00e9rteni a pontt\u00f6rt\u00e9netedet, a kit\u00f6lt\u00f6tt k\u00e9rd\u0151\u00edveket, a kifizet\u00e9si k\u00e9relmeket, vagy ak\u00e1r GOLD st\u00e1tuszodat;<\/li>\n<\/ul>\n<p>&nbsp;<\/p>\n<ul>\n<li><strong>\u00daj \u201cProfil friss\u00edt\u00e9se\u201d szekci\u00f3<\/strong> \u2013 K\u00f6nnyebb\u00e9 tett\u00fck a demogr\u00e1fiai adatok friss\u00edt\u00e9s\u00e9t, hogy t\u00f6bb, a jelenlegi profilodnak megfelel\u0151 k\u00e9rd\u0151\u00edvet kapj. A demogr\u00e1fiai modulok kit\u00f6lt\u00e9s\u00e9\u00e9rt XP j\u00e1r. A kit\u00f6lt\u00f6tt modulok elt\u0171nnek, majd bizonyos id\u0151 eltelt\u00e9vel \u00fajra megjelennek az oldalon az utols\u00f3 friss\u00edt\u00e9s id\u0151pontj\u00e1t\u00f3l f\u00fcgg\u0151en.\n<p>\n<\/li>\n<\/ul>\n<p>&nbsp;<\/p>\n<h2 style=\"text-align: center;\">&nbsp; &nbsp; &nbsp;<a href=\"https:\/\/play.google.com\/store\/apps\/details?id=com.daedalus.proximityresearch\"><img decoding=\"async\" class=\"alignnone wp-image-7358 size-full\" src=\"https:\/\/www.daedalusonline.eu\/web\/wp-content\/uploads\/2026\/02\/Buton-Google-HU-1.png\" alt=\"\" width=\"300\" height=\"90\"><\/a> <a href=\"https:\/\/apps.apple.com\/us\/app\/daedalus-online\/id6447617571\"><img decoding=\"async\" class=\"alignnone wp-image-7370 size-full\" src=\"https:\/\/www.daedalusonline.eu\/web\/wp-content\/uploads\/2026\/02\/Buton-Apple-HU-1.png\" alt=\"\" width=\"300\" height=\"90\"><\/a><\/h2>\n<h2>&nbsp;<\/h2>\n<h2><strong>Verseny<\/strong><\/h2>\n<p>A verseny c\u00e9lja, hogy \u00f6szt\u00f6n\u00f6zze az alkalmaz\u00e1s akt\u00edv \u00e9s rendszeres haszn\u00e1lat\u00e1t, a lehet\u0151 legt\u00f6bb XP (tapasztalati pont) megszerz\u00e9se \u00e9rdek\u00e9ben. Ez egy \u00fajabb m\u00f3dja annak, hogy \u00e9rt\u00e9kelj\u00fck a v\u00e1laszad\u00f3k folyamatos r\u00e9szv\u00e9tel\u00e9t. Az el\u00e9rt XP-k sz\u00e1ma automatikusan meghat\u00e1rozza a helyez\u00e9sed az \u00e1ltal\u00e1nos ranglist\u00e1n.<\/p>\n<p>&nbsp;<\/p>\n<p><b><img decoding=\"async\" class=\"alignright wp-image-5894 \" src=\"https:\/\/www.daedalusonline.eu\/web\/wp-content\/uploads\/2025\/06\/verseny_hu_app-1-574x1024.jpg\" alt=\"\" width=\"336\" height=\"599\" srcset=\"https:\/\/www.daedalusonline.eu\/web\/wp-content\/uploads\/2025\/06\/verseny_hu_app-1-574x1024.jpg 574w, https:\/\/www.daedalusonline.eu\/web\/wp-content\/uploads\/2025\/06\/verseny_hu_app-1-168x300.jpg 168w, https:\/\/www.daedalusonline.eu\/web\/wp-content\/uploads\/2025\/06\/verseny_hu_app-1.jpg 764w\" sizes=\"(max-width: 336px) 100vw, 336px\" \/><\/b><\/p>\n<p><strong>L\u00e9pj be a VERSENYBE \u00e9s nyerj XP-t<\/strong><\/p>\n<ol>\n<li>T\u00f6ltsd ki a k\u00e9rd\u0151\u00edveket k\u00f6zvetlen\u00fcl az alkalmaz\u00e1sban \u2013 a kit\u00f6lt\u00e9s ut\u00e1n XP-t kapsz, ar\u00e1nyosan azzal a pontsz\u00e1mmal, amelyet norm\u00e1l esetben szerezn\u00e9l;<\/li>\n<li>L\u00e1togasd meg rendszeresen az \u00faj \u201eVerseny\u201d szekci\u00f3t, \u00e9s n\u00e9zd meg, hogy \u00e1llsz m\u00e1s felhaszn\u00e1l\u00f3khoz k\u00e9pest a ranglist\u00e1n;<\/li>\n<li>Az XP-k az \u00e9vad sor\u00e1n folyamatosan gy\u0171lnek. Ha a TOP 100 k\u00f6z\u00f6tt vagy a szezon v\u00e9g\u00e9n, pontokat kapsz a megszerzett helyez\u00e9s alapj\u00e1n.<\/li>\n<\/ol>\n<p>Tov\u00e1bbi r\u00e9szleteket az XP-k kioszt\u00e1s\u00e1r\u00f3l, \u00e9rt\u00e9k\u00fckr\u0151l, a ranglist\u00e1r\u00f3l \u00e9s egy\u00e9b r\u00e9szv\u00e9teli felt\u00e9telekr\u0151l a szab\u00e1lyzatban tal\u00e1lsz, amelyet <a href=\"https:\/\/www.daedalusonline.eu\/web\/hu\/eloirasok\/verseny-szabalyzat\/\">ITT<\/a> olvashatsz el.<\/p>\n<p>&nbsp;<\/p>\n<h2><strong>Verseny Ranglista<\/strong><\/h2>\n<p>Tekintsd meg az al\u00e1bbi ranglist\u00e1t:<\/p>\n<p><a class=\"fasc-button fasc-size-medium fasc-type-popout fasc-rounded-medium\" style=\"background-color: #418826; color: #ffffff;\" href=\"https:\/\/www.daedalusonline.eu\/web\/wp-content\/uploads\/2026\/03\/HU_Daedalus-Online-Teli-Verseny-2025-Ranglista.pdf\">2025. T\u00e9li Verseny<\/a><\/p>\n<p><a class=\"fasc-button fasc-size-medium fasc-type-popout fasc-rounded-medium\" style=\"background-color: #418826; color: #ffffff;\" href=\"https:\/\/www.daedalusonline.eu\/web\/wp-content\/uploads\/2025\/12\/HU_Daedalus-Online-Oszi-Verseny-2025-Ranglista.pdf\">2025. \u0150szi Verseny<\/a><\/p>\n<p><a class=\"fasc-button fasc-size-medium fasc-type-popout fasc-rounded-medium\" style=\"background-color: #418826; color: #ffffff;\" href=\"https:\/\/www.daedalusonline.eu\/web\/wp-content\/uploads\/2025\/09\/HU_Daedalus-Online-Nyari-Verseny-2025-Ranglista.pdf\">2025. Ny\u00e1ri Verseny<\/a><\/p>\n<p><a class=\"fasc-button fasc-size-medium fasc-type-popout fasc-rounded-medium\" style=\"background-color: #3f8624; color: #f0f0f0;\" rel=\"nofollow\" href=\"https:\/\/www.daedalusonline.eu\/web\/wp-content\/uploads\/2025\/06\/HU_Daedalus-Online-Tavaszi-Verseny-2025-Ranglista.pdf\">2025. Tavaszi Verseny<\/a><\/p>\n","protected":false},"excerpt":{"rendered":"<p>Daedalus Online Alkalmaz\u00e1s \u00c9lvezd a gyors hozz\u00e1f\u00e9r\u00e9st a k\u00e9rd\u0151\u00edvekhez, \u00e9s gy\u0171jts min\u00e9l t\u00f6bb XP-t, hogy felker\u00fclj a ranglista \u00e9l\u00e9re, ahol pontjutalomban r\u00e9szes\u00fclhetsz. &nbsp; Mi az \u00fajdons\u00e1g? Szem\u00e9lyre szabottabb kit\u00f6lt\u00e9si \u00e9lm\u00e9ny \u2013 Mostant\u00f3l felt\u00f6lthetsz egy profilk\u00e9pet, amely t\u00e9ged k\u00e9pvisel, \u00e9s be\u00e1ll\u00edthatod, hogy milyen gyakran szeretn\u00e9l \u00e9rtes\u00edt\u00e9st kapni az el\u00e9rhet\u0151 k\u00e9rd\u0151\u00edvekr\u0151l, nyerem\u00e9nyj\u00e1t\u00e9kokr\u00f3l, akt\u00edv kamp\u00e1nyokr\u00f3l \u00e9s egy\u00e9b lehet\u0151s\u00e9gekr\u0151l; &nbsp; Felhaszn\u00e1l\u00f3bar\u00e1t design \u2013 kreat\u00edv \u00e9lm\u00e9nyre tervezve \u2013 Az ikonok seg\u00edts\u00e9g\u00e9vel most k\u00f6nnyebb meg\u00e9rteni a pontt\u00f6rt\u00e9netedet, a kit\u00f6lt\u00f6tt k\u00e9rd\u0151\u00edveket, a kifizet\u00e9si k\u00e9relmeket, vagy ak\u00e1r GOLD st\u00e1tuszodat; &nbsp; \u00daj \u201cProfil friss\u00edt\u00e9se\u201d szekci\u00f3 \u2013 K\u00f6nnyebb\u00e9 tett\u00fck a demogr\u00e1fiai adatok friss\u00edt\u00e9s\u00e9t, hogy t\u00f6bb, a jelenlegi profilodnak megfelel\u0151 k\u00e9rd\u0151\u00edvet [&hellip;]<\/p>\n","protected":false},"author":3,"featured_media":0,"parent":0,"menu_order":0,"comment_status":"closed","ping_status":"closed","template":"","meta":{"inline_featured_image":false,"footnotes":""},"class_list":["post-5855","page","type-page","status-publish","hentry"],"acf":[],"yoast_head":"<!-- This site is optimized with the Yoast SEO plugin v20.2.1 - https:\/\/yoast.com\/wordpress\/plugins\/seo\/ -->\n<title>Verseny - Daedalus<\/title>\n<meta name=\"robots\" content=\"index, follow, max-snippet:-1, max-image-preview:large, max-video-preview:-1\" \/>\n<link rel=\"canonical\" href=\"https:\/\/www.daedalusonline.eu\/web\/hu\/verseny\/\" \/>\n<meta property=\"og:locale\" content=\"hu_HU\" \/>\n<meta property=\"og:type\" content=\"article\" \/>\n<meta property=\"og:title\" content=\"Verseny - Daedalus\" \/>\n<meta property=\"og:description\" content=\"Daedalus Online Alkalmaz\u00e1s \u00c9lvezd a gyors hozz\u00e1f\u00e9r\u00e9st a k\u00e9rd\u0151\u00edvekhez, \u00e9s gy\u0171jts min\u00e9l t\u00f6bb XP-t, hogy felker\u00fclj a ranglista \u00e9l\u00e9re, ahol pontjutalomban r\u00e9szes\u00fclhetsz. &nbsp; Mi az \u00fajdons\u00e1g? Szem\u00e9lyre szabottabb kit\u00f6lt\u00e9si \u00e9lm\u00e9ny \u2013 Mostant\u00f3l felt\u00f6lthetsz egy profilk\u00e9pet, amely t\u00e9ged k\u00e9pvisel, \u00e9s be\u00e1ll\u00edthatod, hogy milyen gyakran szeretn\u00e9l \u00e9rtes\u00edt\u00e9st kapni az el\u00e9rhet\u0151 k\u00e9rd\u0151\u00edvekr\u0151l, nyerem\u00e9nyj\u00e1t\u00e9kokr\u00f3l, akt\u00edv kamp\u00e1nyokr\u00f3l \u00e9s egy\u00e9b lehet\u0151s\u00e9gekr\u0151l; &nbsp; Felhaszn\u00e1l\u00f3bar\u00e1t design \u2013 kreat\u00edv \u00e9lm\u00e9nyre tervezve \u2013 Az ikonok seg\u00edts\u00e9g\u00e9vel most k\u00f6nnyebb meg\u00e9rteni a pontt\u00f6rt\u00e9netedet, a kit\u00f6lt\u00f6tt k\u00e9rd\u0151\u00edveket, a kifizet\u00e9si k\u00e9relmeket, vagy ak\u00e1r GOLD st\u00e1tuszodat; &nbsp; \u00daj \u201cProfil friss\u00edt\u00e9se\u201d szekci\u00f3 \u2013 K\u00f6nnyebb\u00e9 tett\u00fck a demogr\u00e1fiai adatok friss\u00edt\u00e9s\u00e9t, hogy t\u00f6bb, a jelenlegi profilodnak megfelel\u0151 k\u00e9rd\u0151\u00edvet [&hellip;]\" \/>\n<meta property=\"og:url\" content=\"https:\/\/www.daedalusonline.eu\/web\/hu\/verseny\/\" \/>\n<meta property=\"og:site_name\" content=\"Daedalus\" \/>\n<meta property=\"article:modified_time\" content=\"2026-03-04T14:49:53+00:00\" \/>\n<meta property=\"og:image\" content=\"https:\/\/www.daedalusonline.eu\/web\/wp-content\/uploads\/2025\/06\/Daedalus-Online-App-Icons-300x274.png\" \/>\n<meta name=\"twitter:card\" content=\"summary_large_image\" \/>\n<meta name=\"twitter:label1\" content=\"Becs\u00fclt olvas\u00e1si id\u0151\" \/>\n\t<meta name=\"twitter:data1\" content=\"3 perc\" \/>\n<script type=\"application\/ld+json\" class=\"yoast-schema-graph\">{\"@context\":\"https:\/\/schema.org\",\"@graph\":[{\"@type\":\"WebPage\",\"@id\":\"https:\/\/www.daedalusonline.eu\/web\/hu\/verseny\/\",\"url\":\"https:\/\/www.daedalusonline.eu\/web\/hu\/verseny\/\",\"name\":\"Verseny - Daedalus\",\"isPartOf\":{\"@id\":\"https:\/\/www.daedalusonline.eu\/web\/hu\/#website\"},\"datePublished\":\"2025-06-06T12:01:28+00:00\",\"dateModified\":\"2026-03-04T14:49:53+00:00\",\"inLanguage\":\"hu\",\"potentialAction\":[{\"@type\":\"ReadAction\",\"target\":[\"https:\/\/www.daedalusonline.eu\/web\/hu\/verseny\/\"]}]},{\"@type\":\"WebSite\",\"@id\":\"https:\/\/www.daedalusonline.eu\/web\/hu\/#website\",\"url\":\"https:\/\/www.daedalusonline.eu\/web\/hu\/\",\"name\":\"Daedalus\",\"description\":\"\",\"potentialAction\":[{\"@type\":\"SearchAction\",\"target\":{\"@type\":\"EntryPoint\",\"urlTemplate\":\"https:\/\/www.daedalusonline.eu\/web\/hu\/?s={search_term_string}\"},\"query-input\":\"required name=search_term_string\"}],\"inLanguage\":\"hu\"}]}<\/script>\n<!-- \/ Yoast SEO plugin. -->","yoast_head_json":{"title":"Verseny - Daedalus","robots":{"index":"index","follow":"follow","max-snippet":"max-snippet:-1","max-image-preview":"max-image-preview:large","max-video-preview":"max-video-preview:-1"},"canonical":"https:\/\/www.daedalusonline.eu\/web\/hu\/verseny\/","og_locale":"hu_HU","og_type":"article","og_title":"Verseny - Daedalus","og_description":"Daedalus Online Alkalmaz\u00e1s \u00c9lvezd a gyors hozz\u00e1f\u00e9r\u00e9st a k\u00e9rd\u0151\u00edvekhez, \u00e9s gy\u0171jts min\u00e9l t\u00f6bb XP-t, hogy felker\u00fclj a ranglista \u00e9l\u00e9re, ahol pontjutalomban r\u00e9szes\u00fclhetsz. &nbsp; Mi az \u00fajdons\u00e1g? Szem\u00e9lyre szabottabb kit\u00f6lt\u00e9si \u00e9lm\u00e9ny \u2013 Mostant\u00f3l felt\u00f6lthetsz egy profilk\u00e9pet, amely t\u00e9ged k\u00e9pvisel, \u00e9s be\u00e1ll\u00edthatod, hogy milyen gyakran szeretn\u00e9l \u00e9rtes\u00edt\u00e9st kapni az el\u00e9rhet\u0151 k\u00e9rd\u0151\u00edvekr\u0151l, nyerem\u00e9nyj\u00e1t\u00e9kokr\u00f3l, akt\u00edv kamp\u00e1nyokr\u00f3l \u00e9s egy\u00e9b lehet\u0151s\u00e9gekr\u0151l; &nbsp; Felhaszn\u00e1l\u00f3bar\u00e1t design \u2013 kreat\u00edv \u00e9lm\u00e9nyre tervezve \u2013 Az ikonok seg\u00edts\u00e9g\u00e9vel most k\u00f6nnyebb meg\u00e9rteni a pontt\u00f6rt\u00e9netedet, a kit\u00f6lt\u00f6tt k\u00e9rd\u0151\u00edveket, a kifizet\u00e9si k\u00e9relmeket, vagy ak\u00e1r GOLD st\u00e1tuszodat; &nbsp; \u00daj \u201cProfil friss\u00edt\u00e9se\u201d szekci\u00f3 \u2013 K\u00f6nnyebb\u00e9 tett\u00fck a demogr\u00e1fiai adatok friss\u00edt\u00e9s\u00e9t, hogy t\u00f6bb, a jelenlegi profilodnak megfelel\u0151 k\u00e9rd\u0151\u00edvet [&hellip;]","og_url":"https:\/\/www.daedalusonline.eu\/web\/hu\/verseny\/","og_site_name":"Daedalus","article_modified_time":"2026-03-04T14:49:53+00:00","og_image":[{"url":"https:\/\/www.daedalusonline.eu\/web\/wp-content\/uploads\/2025\/06\/Daedalus-Online-App-Icons-300x274.png"}],"twitter_card":"summary_large_image","twitter_misc":{"Becs\u00fclt olvas\u00e1si id\u0151":"3 perc"},"schema":{"@context":"https:\/\/schema.org","@graph":[{"@type":"WebPage","@id":"https:\/\/www.daedalusonline.eu\/web\/hu\/verseny\/","url":"https:\/\/www.daedalusonline.eu\/web\/hu\/verseny\/","name":"Verseny - Daedalus","isPartOf":{"@id":"https:\/\/www.daedalusonline.eu\/web\/hu\/#website"},"datePublished":"2025-06-06T12:01:28+00:00","dateModified":"2026-03-04T14:49:53+00:00","inLanguage":"hu","potentialAction":[{"@type":"ReadAction","target":["https:\/\/www.daedalusonline.eu\/web\/hu\/verseny\/"]}]},{"@type":"WebSite","@id":"https:\/\/www.daedalusonline.eu\/web\/hu\/#website","url":"https:\/\/www.daedalusonline.eu\/web\/hu\/","name":"Daedalus","description":"","potentialAction":[{"@type":"SearchAction","target":{"@type":"EntryPoint","urlTemplate":"https:\/\/www.daedalusonline.eu\/web\/hu\/?s={search_term_string}"},"query-input":"required name=search_term_string"}],"inLanguage":"hu"}]}},"_links":{"self":[{"href":"https:\/\/www.daedalusonline.eu\/web\/hu\/wp-json\/wp\/v2\/pages\/5855","targetHints":{"allow":["GET"]}}],"collection":[{"href":"https:\/\/www.daedalusonline.eu\/web\/hu\/wp-json\/wp\/v2\/pages"}],"about":[{"href":"https:\/\/www.daedalusonline.eu\/web\/hu\/wp-json\/wp\/v2\/types\/page"}],"author":[{"embeddable":true,"href":"https:\/\/www.daedalusonline.eu\/web\/hu\/wp-json\/wp\/v2\/users\/3"}],"replies":[{"embeddable":true,"href":"https:\/\/www.daedalusonline.eu\/web\/hu\/wp-json\/wp\/v2\/comments?post=5855"}],"version-history":[{"count":11,"href":"https:\/\/www.daedalusonline.eu\/web\/hu\/wp-json\/wp\/v2\/pages\/5855\/revisions"}],"predecessor-version":[{"id":7468,"href":"https:\/\/www.daedalusonline.eu\/web\/hu\/wp-json\/wp\/v2\/pages\/5855\/revisions\/7468"}],"wp:attachment":[{"href":"https:\/\/www.daedalusonline.eu\/web\/hu\/wp-json\/wp\/v2\/media?parent=5855"}],"curies":[{"name":"wp","href":"https:\/\/api.w.org\/{rel}","templated":true}]}}