{"id":4646,"date":"2024-02-19T16:02:20","date_gmt":"2024-02-19T14:02:20","guid":{"rendered":"https:\/\/www.daedalusonline.eu\/web\/?page_id=4646"},"modified":"2026-01-22T15:06:18","modified_gmt":"2026-01-22T13:06:18","slug":"gold-klub-ispitanika-uslovi-i-odredbe","status":"publish","type":"page","link":"https:\/\/www.daedalusonline.eu\/web\/sr\/gold-klub-ispitanika-uslovi-i-odredbe\/","title":{"rendered":"&#8222;GOLD Klub ispitanika&#8220; Uslovi i odredbe"},"content":{"rendered":"<p><strong>\u010clan. 1. Organizator takmi\u010denja<\/strong><\/p>\n<p>Organizator kampanje je kompanija S.C. Daedalus New Media Research SRL sa sedi\u0161tem u Bukure\u0161tu, 169 Calea Floreasca, sektor 1, CUI: 2560656, registrovana u Trgova\u010dkom registru pod brojem <!--StartFragment --><span class=\"cf0\">J2009006306404<\/span><!--EndFragment -->, ra\u010dun RO54INGB0000999902012301, otvoren u ing Banci, Bukure\u0161t, RUMUNIJA, broj operatera li\u010dnih podataka 12502, predstavljena od strane Laurentiu Serghie kao Administrator. Kampanja \u0107e se sprovoditi u skladu sa odredbama ovih propisa, \u0161to je obavezno za sve u\u010desnike. Organizator zadr\u017eava pravo da izmeni ove propise, ali ne pre nego \u0161to unapred obavesti javnost.<\/p>\n<p>&nbsp;<\/p>\n<p><strong>\u010clan. 2. Trajanje i obuhvat kampanje<\/strong><\/p>\n<p>Kvalifikacija za GOLD klub ispitanika zasniva se na aktivnostima ispitanika u 2025. godini, i oni \u0107e u\u017eivati privilegije ovog pravilnika tokom cele 2026. godine. Kampanja je aktivna od 1. januara 2026. do 31. decembra 2026. za godinu 2025.<\/p>\n<p>&nbsp;<\/p>\n<p><strong>\u010clan. 3. Pravo u\u010de\u0161\u0107a<\/strong><\/p>\n<p>Takmi\u010denje je otvoreno za sve osobe sa srpskim dr\u017eavljanstvom koje imaju najmanje 18 godina na dan po\u010detka takmi\u010denja, \u017eive u Srbiji, registrovane su u Daedalus Online panelu i ispunjavaju ostale uslove navedene u ovim pravilima. Zaposleni u Daedalus New Media Researchu i sve druge osobe direktno povezane sa ovim takmi\u010denjem nisu kvalifikovane za u\u010de\u0161\u0107e.<\/p>\n<p>&nbsp;<\/p>\n<p><strong>\u010clan. 4. Mehanizam implementacije<\/strong><\/p>\n<p>Tema takmi\u010denja: popunite \u0161to vi\u0161e upitnika i postanite \u010dlan GOLD kluba ispitanika<\/p>\n<p>Da bi se kvalifikovali za ovaj klub, ispitanici moraju da ispune slede\u0107e uslove:<\/p>\n<ul>\n<li>registracija u Daedalus Online panelu izme\u0111u 2012. i 2025. godine;<\/li>\n<li>dr\u017eavljanstvo Republike Srbije i prebivali\u0161te u zemlji;<\/li>\n<li>uzrast od najmanje 18 godina;<\/li>\n<li>Odgovoriti na minimum 30% primljenih upitnika i imati minimum 5 zavr\u0161enih upitnika u prethodnoj godini (2025).<\/li>\n<\/ul>\n<p><strong>!UPOZORENJE! Ovaj propis se odnosi ne samo na ispitanike koji su se registrovali 2012. godine i jo\u0161 uvek su aktivni, ve\u0107 na sve ispitanike koji su se registrovali tokom godina do kraja 2025. i prate mehanizam implementacije naveden gore. Jedno od najva\u017enijih pravila (4) je ono koje se odnosi na stopu odgovora ispitanika izme\u0111u 1. januara 2025. i 31. decembra 2025.<\/strong><\/p>\n<p>Samo \u0107e jedan u\u010desnik mo\u0107i da u\u010destvuje tokom trajanja kampanje sa jednog naloga. Ako Organizator identifikuje vi\u0161e naloga koji pripadaju istom u\u010desniku, onda on zadr\u017eava pravo da otka\u017ee i naloge i u\u010de\u0161\u0107a.<\/p>\n<p>Tako\u0111e, svaki GOLD ispitanik koji ne odr\u017eava svoj procenat odgovora prema propisima tokom godina aktivnosti bi\u0107e uklonjen iz ovog kluba.<\/p>\n<p>&nbsp;<\/p>\n<p><strong>\u010clan. 5. Nagrade od kojih samo \u010dlanovi GOLD kluba imaju koristi<\/strong><\/p>\n<ol>\n<li>Prilikom svakog podizanja dobi\u0107ete <strong>bonus od 10% vi\u0161e od vrednosti podignutog novca <\/strong>ove godine;<\/li>\n<li>Automatski se kvalifikuje za<strong> godi\u0161nju tombolu sa zlatnom polugom;<\/strong><\/li>\n<li><strong>Automatski \u0107e primiti nekoliko upitnika, <\/strong>budu\u0107i da su me\u0111u prvima izabrani kada imamo studije koje zahtevaju brz pristup;<\/li>\n<li><strong>Dobijaju zanimljive upitnike <\/strong>koji zahtevaju pove\u0107anu odgovornost i pa\u017enju, ali su nagra\u0111eni <strong>ve\u0107im brojem poena;<\/strong><\/li>\n<li><strong>Osvajaju vi\u0161e poena upu\u0107ivanjem prijatelja <\/strong>putem aktivnih kampanja;<\/li>\n<li>Oni su me\u0111u prvima koji daju odlu\u010duju\u0107i doprinos u proceni kvaliteta reklama ili proizvoda, gde su konsultovani o njihovom pojavljivanju na tr\u017ei\u0161tu;<\/li>\n<li>Na kraju, <strong>oni \u0107e u\u017eivati u svim prethodnim pogodnostima, <\/strong>nastavljaju\u0107i da u\u010destvuju u izvla\u010denjima za mese\u010dne i godi\u0161nje nagrade.<\/li>\n<\/ol>\n<p><strong>OBJA\u0160NJENJA NAGRADA:<\/strong><\/p>\n<ol>\n<li>Bonus od 10%: primenjuje se kada \u010dlanovi ovog kluba podnesu zahtev za isplatu izme\u0111u 1. januara 2026. i 31. decembra 2026;<\/li>\n<li>Godi\u0161nja tombola sa zlatnom polugom: jedan dobitnik \u0107e biti izvu\u010den \u017erebom;<\/li>\n<li>Bodovi preporuke prijatelja: Bodovi \u0107e se a\u017eurirati samo kada postoje otvorene kampanje. Ocena za GOLD ispitanike \u0107e biti 50 poena za preporu\u010dene osobe koje se prijave u Daedalus Online zajednicu (za razliku od 20 poena za ostatak zajednice).<\/li>\n<\/ol>\n<p>Za dodelu nagrada 1 i 2, ispitanici \u0107e morati da pru\u017ee svoje li\u010dne podatke u Daedalus Online nalogu, kako bi Organizator mogao poslati odgovaraju\u0107e iznose\/osigurati isporuku proizvoda putem kurirske kompanije. Neophodni finansijski podaci su: prezime, ime, puna adresa, JMBG, telefon, IBAN i banka.<\/p>\n<p>&nbsp;<\/p>\n<p>U slu\u010daju bonusa od 10%, ispitanici moraju pru\u017eiti slede\u0107e podatke: ime, prezime, adresa, JMBG, telefon, IBAN i banka;<\/p>\n<p>U slu\u010daju zlatnih poluga, ispitanici moraju pru\u017eiti slede\u0107e podatke: ime, prezime, adresa stanovanja, JMBG i telefon. Puna adresa i broj telefona \u0107e biti kori\u0161\u0107eni prilikom dostave proizvoda od strane kurirske firme.<\/p>\n<p>Tra\u017ee se li\u010dni podaci dobitnika jer se isplata nagrada prijavljuje Poreskoj upravi, ali i radi pla\u0107anja poreza na dohodak, \u0161to u potpunosti pla\u0107a Organizator.<\/p>\n<p>&nbsp;<\/p>\n<p><strong>\u010clan. 6. Odre\u0111ivanje dobitnika zlatne poluge<\/strong><\/p>\n<p>Odre\u0111ivanje dobitnika bi\u0107e izvr\u0161eno \u017erebom dana 3. decembra 2026.<\/p>\n<p><strong>!UPOZORENJE! U slu\u010daju da dobavlja\u010d specijalizovan za trgovinu zlatom vi\u0161e ne mo\u017ee da isporu\u010di zlatnu polugu ili ako dobitnik odlu\u010di da primi nov\u010danu protivvrednost, njena vrednost \u0107e biti pribli\u017eno 350 EVRA!<\/strong><\/p>\n<ol>\n<li>Organizator je du\u017ean da obavesti dobitnika putem mejla na dan izvla\u010denja nagrade, i to na mejl naveden prilikom registracije u Daedalus Online zajednici.<\/li>\n<li>Organizator \u0107e poku\u0161ati da kontaktira dobitnika putem mejla do 3 puta: 1 obave\u0161tenje i 2 podsetnika.<\/li>\n<li>Ako je dobitnik a\u017eurirao broj telefona u svom li\u010dnom nalogu, bi\u0107e kontaktiran i telefonom, ukoliko ga je uneo u svoj Daedalus Online nalog.<\/li>\n<li>Ako dobitnik nije preuzeo svoju nagradu (nije odgovorio na mejl ili telefon, odbio je nagradu ili nije ispunio uslove i rokove propisane ovim pravilima, itd.) u roku od 10 kalendarskih dana od poslednjeg obave\u0161tenja, smatra se neva\u017ee\u0107im dobitnikom i izgubi\u0107e svako pravo na osvojenu nagradu. U ovom slu\u010daju, u skladu sa ovim pravilima, Organizator \u0107e izvu\u0107i jo\u0161 jednog dobitnika.<\/li>\n<li>U slu\u010daju da dobitnik ne preuzme nagradu u uslovima i rokovima predvi\u0111enim pravilnikom, Organizator \u0107e izvu\u0107i drugog dobitnika. Ako ni naknadno izvu\u010deni dobitnik ne odgovori na obave\u0161tenja u rokovima propisanim ovim pravilnikom, Organizator zadr\u017eava pravo da ne sprovede novo izvla\u010denje, a nagrada \u0107e ostati ne dodeljena.<\/li>\n<\/ol>\n<p>&nbsp;<\/p>\n<p><strong>\u010clan. 7. Apple<\/strong><\/p>\n<p>Izri\u010dito izjavljujemo da Apple nije uklju\u010den u ovo takmi\u010denje i nije sponzor.<\/p>\n<p>&nbsp;<\/p>\n<p><strong>\u010clan. 8. Sporovi<\/strong><\/p>\n<p>U slu\u010daju mogu\u0107ih sporova izme\u0111u organizatora i u\u010desnika kampanje, oni \u0107e biti re\u0161eni mirnim putem. Ako nije mogu\u0107e re\u0161iti spor mirnim putem, strane u sporu \u0107e podneti spor nadle\u017enim rumunskim sudovima radi re\u0161avanja.<\/p>\n<p>&nbsp;<\/p>\n<p><strong>\u010clan. 9. Pravila kampanje<\/strong><\/p>\n<p>Pravila kampanje su besplatno dostupna svim u\u010desnicima na <a href=\"https:\/\/www.daedalusonline.eu\/web\/sr\/\">https:\/\/www.daedalusonline.eu\/web\/sr\/<\/a><\/p>\n<p>&nbsp;<\/p>\n<p><strong>\u010clan. 10. Porezi<\/strong><\/p>\n<p>Organizator se obavezuje da snosi porez na dohodak koji se sastoji od nagrada koje su osvojili pobednici kao rezultat ove kampanje, u skladu sa odredbama Zakona o porezu, pri \u010demu su sve druge obaveze fiskalne ili bilo koje druge prirode u vezi sa tim isklju\u010diva odgovornost dobitnika.<\/p>\n","protected":false},"excerpt":{"rendered":"<p>\u010clan. 1. Organizator takmi\u010denja Organizator kampanje je kompanija S.C. Daedalus New Media Research SRL sa sedi\u0161tem u Bukure\u0161tu, 169 Calea Floreasca, sektor 1, CUI: 2560656, registrovana u Trgova\u010dkom registru pod brojem J2009006306404, ra\u010dun RO54INGB0000999902012301, otvoren u ing Banci, Bukure\u0161t, RUMUNIJA, broj operatera li\u010dnih podataka 12502, predstavljena od strane Laurentiu Serghie kao Administrator. Kampanja \u0107e se sprovoditi u skladu sa odredbama ovih propisa, \u0161to je obavezno za sve u\u010desnike. Organizator zadr\u017eava pravo da izmeni ove propise, ali ne pre nego \u0161to unapred obavesti javnost. &nbsp; \u010clan. 2. Trajanje i obuhvat kampanje Kvalifikacija za GOLD klub ispitanika zasniva se na aktivnostima ispitanika [&hellip;]<\/p>\n","protected":false},"author":3,"featured_media":0,"parent":0,"menu_order":0,"comment_status":"closed","ping_status":"closed","template":"","meta":{"inline_featured_image":false,"footnotes":""},"class_list":["post-4646","page","type-page","status-publish","hentry"],"acf":[],"yoast_head":"<!-- This site is optimized with the Yoast SEO plugin v20.2.1 - https:\/\/yoast.com\/wordpress\/plugins\/seo\/ -->\n<title>&quot;GOLD Klub ispitanika&quot; Uslovi i odredbe - Daedalus<\/title>\n<meta name=\"robots\" content=\"index, follow, max-snippet:-1, max-image-preview:large, max-video-preview:-1\" \/>\n<link rel=\"canonical\" href=\"https:\/\/www.daedalusonline.eu\/web\/sr\/gold-klub-ispitanika-uslovi-i-odredbe\/\" \/>\n<meta property=\"og:locale\" content=\"sr_RS\" \/>\n<meta property=\"og:type\" content=\"article\" \/>\n<meta property=\"og:title\" content=\"&quot;GOLD Klub ispitanika&quot; Uslovi i odredbe - Daedalus\" \/>\n<meta property=\"og:description\" content=\"\u010clan. 1. Organizator takmi\u010denja Organizator kampanje je kompanija S.C. Daedalus New Media Research SRL sa sedi\u0161tem u Bukure\u0161tu, 169 Calea Floreasca, sektor 1, CUI: 2560656, registrovana u Trgova\u010dkom registru pod brojem J2009006306404, ra\u010dun RO54INGB0000999902012301, otvoren u ing Banci, Bukure\u0161t, RUMUNIJA, broj operatera li\u010dnih podataka 12502, predstavljena od strane Laurentiu Serghie kao Administrator. Kampanja \u0107e se sprovoditi u skladu sa odredbama ovih propisa, \u0161to je obavezno za sve u\u010desnike. Organizator zadr\u017eava pravo da izmeni ove propise, ali ne pre nego \u0161to unapred obavesti javnost. &nbsp; \u010clan. 2. Trajanje i obuhvat kampanje Kvalifikacija za GOLD klub ispitanika zasniva se na aktivnostima ispitanika [&hellip;]\" \/>\n<meta property=\"og:url\" content=\"https:\/\/www.daedalusonline.eu\/web\/sr\/gold-klub-ispitanika-uslovi-i-odredbe\/\" \/>\n<meta property=\"og:site_name\" content=\"Daedalus\" \/>\n<meta property=\"article:modified_time\" content=\"2026-01-22T13:06:18+00:00\" \/>\n<meta name=\"twitter:card\" content=\"summary_large_image\" \/>\n<meta name=\"twitter:label1\" content=\"\u041f\u0440\u043e\u0446\u0435\u045a\u0435\u043d\u043e \u0432\u0440\u0435\u043c\u0435 \u0447\u0438\u0442\u0430\u045a\u0430\" \/>\n\t<meta name=\"twitter:data1\" content=\"6 \u043c\u0438\u043d\u0443\u0442\u0430\" \/>\n<script type=\"application\/ld+json\" class=\"yoast-schema-graph\">{\"@context\":\"https:\/\/schema.org\",\"@graph\":[{\"@type\":\"WebPage\",\"@id\":\"https:\/\/www.daedalusonline.eu\/web\/sr\/gold-klub-ispitanika-uslovi-i-odredbe\/\",\"url\":\"https:\/\/www.daedalusonline.eu\/web\/sr\/gold-klub-ispitanika-uslovi-i-odredbe\/\",\"name\":\"\\\"GOLD Klub ispitanika\\\" Uslovi i odredbe - Daedalus\",\"isPartOf\":{\"@id\":\"https:\/\/www.daedalusonline.eu\/web\/sr\/#website\"},\"datePublished\":\"2024-02-19T14:02:20+00:00\",\"dateModified\":\"2026-01-22T13:06:18+00:00\",\"inLanguage\":\"sr-RS\",\"potentialAction\":[{\"@type\":\"ReadAction\",\"target\":[\"https:\/\/www.daedalusonline.eu\/web\/sr\/gold-klub-ispitanika-uslovi-i-odredbe\/\"]}]},{\"@type\":\"WebSite\",\"@id\":\"https:\/\/www.daedalusonline.eu\/web\/sr\/#website\",\"url\":\"https:\/\/www.daedalusonline.eu\/web\/sr\/\",\"name\":\"Daedalus\",\"description\":\"\",\"potentialAction\":[{\"@type\":\"SearchAction\",\"target\":{\"@type\":\"EntryPoint\",\"urlTemplate\":\"https:\/\/www.daedalusonline.eu\/web\/sr\/?s={search_term_string}\"},\"query-input\":\"required name=search_term_string\"}],\"inLanguage\":\"sr-RS\"}]}<\/script>\n<!-- \/ Yoast SEO plugin. -->","yoast_head_json":{"title":"\"GOLD Klub ispitanika\" Uslovi i odredbe - Daedalus","robots":{"index":"index","follow":"follow","max-snippet":"max-snippet:-1","max-image-preview":"max-image-preview:large","max-video-preview":"max-video-preview:-1"},"canonical":"https:\/\/www.daedalusonline.eu\/web\/sr\/gold-klub-ispitanika-uslovi-i-odredbe\/","og_locale":"sr_RS","og_type":"article","og_title":"\"GOLD Klub ispitanika\" Uslovi i odredbe - Daedalus","og_description":"\u010clan. 1. Organizator takmi\u010denja Organizator kampanje je kompanija S.C. Daedalus New Media Research SRL sa sedi\u0161tem u Bukure\u0161tu, 169 Calea Floreasca, sektor 1, CUI: 2560656, registrovana u Trgova\u010dkom registru pod brojem J2009006306404, ra\u010dun RO54INGB0000999902012301, otvoren u ing Banci, Bukure\u0161t, RUMUNIJA, broj operatera li\u010dnih podataka 12502, predstavljena od strane Laurentiu Serghie kao Administrator. Kampanja \u0107e se sprovoditi u skladu sa odredbama ovih propisa, \u0161to je obavezno za sve u\u010desnike. Organizator zadr\u017eava pravo da izmeni ove propise, ali ne pre nego \u0161to unapred obavesti javnost. &nbsp; \u010clan. 2. Trajanje i obuhvat kampanje Kvalifikacija za GOLD klub ispitanika zasniva se na aktivnostima ispitanika [&hellip;]","og_url":"https:\/\/www.daedalusonline.eu\/web\/sr\/gold-klub-ispitanika-uslovi-i-odredbe\/","og_site_name":"Daedalus","article_modified_time":"2026-01-22T13:06:18+00:00","twitter_card":"summary_large_image","twitter_misc":{"\u041f\u0440\u043e\u0446\u0435\u045a\u0435\u043d\u043e \u0432\u0440\u0435\u043c\u0435 \u0447\u0438\u0442\u0430\u045a\u0430":"6 \u043c\u0438\u043d\u0443\u0442\u0430"},"schema":{"@context":"https:\/\/schema.org","@graph":[{"@type":"WebPage","@id":"https:\/\/www.daedalusonline.eu\/web\/sr\/gold-klub-ispitanika-uslovi-i-odredbe\/","url":"https:\/\/www.daedalusonline.eu\/web\/sr\/gold-klub-ispitanika-uslovi-i-odredbe\/","name":"\"GOLD Klub ispitanika\" Uslovi i odredbe - Daedalus","isPartOf":{"@id":"https:\/\/www.daedalusonline.eu\/web\/sr\/#website"},"datePublished":"2024-02-19T14:02:20+00:00","dateModified":"2026-01-22T13:06:18+00:00","inLanguage":"sr-RS","potentialAction":[{"@type":"ReadAction","target":["https:\/\/www.daedalusonline.eu\/web\/sr\/gold-klub-ispitanika-uslovi-i-odredbe\/"]}]},{"@type":"WebSite","@id":"https:\/\/www.daedalusonline.eu\/web\/sr\/#website","url":"https:\/\/www.daedalusonline.eu\/web\/sr\/","name":"Daedalus","description":"","potentialAction":[{"@type":"SearchAction","target":{"@type":"EntryPoint","urlTemplate":"https:\/\/www.daedalusonline.eu\/web\/sr\/?s={search_term_string}"},"query-input":"required name=search_term_string"}],"inLanguage":"sr-RS"}]}},"_links":{"self":[{"href":"https:\/\/www.daedalusonline.eu\/web\/sr\/wp-json\/wp\/v2\/pages\/4646","targetHints":{"allow":["GET"]}}],"collection":[{"href":"https:\/\/www.daedalusonline.eu\/web\/sr\/wp-json\/wp\/v2\/pages"}],"about":[{"href":"https:\/\/www.daedalusonline.eu\/web\/sr\/wp-json\/wp\/v2\/types\/page"}],"author":[{"embeddable":true,"href":"https:\/\/www.daedalusonline.eu\/web\/sr\/wp-json\/wp\/v2\/users\/3"}],"replies":[{"embeddable":true,"href":"https:\/\/www.daedalusonline.eu\/web\/sr\/wp-json\/wp\/v2\/comments?post=4646"}],"version-history":[{"count":8,"href":"https:\/\/www.daedalusonline.eu\/web\/sr\/wp-json\/wp\/v2\/pages\/4646\/revisions"}],"predecessor-version":[{"id":7126,"href":"https:\/\/www.daedalusonline.eu\/web\/sr\/wp-json\/wp\/v2\/pages\/4646\/revisions\/7126"}],"wp:attachment":[{"href":"https:\/\/www.daedalusonline.eu\/web\/sr\/wp-json\/wp\/v2\/media?parent=4646"}],"curies":[{"name":"wp","href":"https:\/\/api.w.org\/{rel}","templated":true}]}}