{"id":5928,"date":"2025-06-12T10:56:38","date_gmt":"2025-06-12T08:56:38","guid":{"rendered":"https:\/\/www.daedalusonline.eu\/web\/?page_id=5928"},"modified":"2026-03-04T16:57:16","modified_gmt":"2026-03-04T14:57:16","slug":"takmicenje","status":"publish","type":"page","link":"https:\/\/www.daedalusonline.eu\/web\/sr\/takmicenje\/","title":{"rendered":"Takmi\u010denje"},"content":{"rendered":"<h2><strong>Aplikacija Daedalus Online<\/strong><\/h2>\n<p>U\u017eivaj u brzom pristupu anketama i sakupljaj \u0161to vi\u0161e XP poena kako bi dospeo\/la na vrh liste i imao\/la \u0161ansu da bude\u0161 nagra\u0111en\/a poenima.<\/p>\n<p>&nbsp;<\/p>\n<p><img decoding=\"async\" class=\"alignleft wp-image-5793 \" src=\"https:\/\/www.daedalusonline.eu\/web\/wp-content\/uploads\/2025\/06\/OK-Design-fara-titlu-3-Photoroom-1.png\" alt=\"\" width=\"364\" height=\"333\"><\/p>\n<p><strong>\u0160ta je novo?<\/strong><\/p>\n<ul>\n<li><strong>Personalizovanije iskustvo popunjavanja<\/strong> \u2013 Sada mo\u017ee\u0161 da postavi\u0161 profilnu sliku koja te predstavlja i da izabere\u0161 koliko \u010desto \u017eeli\u0161 da bude\u0161 obave\u0161ten\/a o dostupnim anketama, takmi\u010denjima, aktivnim kampanjama i jo\u0161 mnogo toga;<\/li>\n<\/ul>\n<p>&nbsp;<\/p>\n<ul>\n<li><strong>Prijateljski dizajn, napravljen za kreativno iskustvo<\/strong> \u2013 Uz pomo\u0107 ikonica sada je jednostavnije nego ikada da razume\u0161 istoriju svojih poena, popunjene ankete, zahteve za isplatu ili \u010dak svoj GOLD status;<\/li>\n<\/ul>\n<p>&nbsp;<\/p>\n<ul>\n<li><strong>Novi deo \u201eA\u017euriranjte profil\u201d<\/strong> \u2013 Olak\u0161ali smo proces a\u017euriranja tvojih demografskih podataka kako bi dobijao\/la relevantnije ankete. Za popunjavanje demografskih modula bi\u0107e\u0161 nagra\u0111en\/a XP poenima. Nakon \u0161to popuni\u0161 dostupne module, oni \u0107e nestati i pojavi\u0107e se ponovo nakon izvesnog vremena, u zavisnosti od toga koliko je pro\u0161lo od poslednjeg a\u017euriranja podataka.\n<p>\n<\/li>\n<\/ul>\n<p>&nbsp;<\/p>\n<h2 style=\"text-align: center;\">&nbsp; &nbsp; &nbsp;<a href=\"https:\/\/play.google.com\/store\/apps\/details?id=com.daedalus.proximityresearch\"><img decoding=\"async\" class=\"alignnone wp-image-5929 size-full\" src=\"https:\/\/www.daedalusonline.eu\/web\/wp-content\/uploads\/2025\/06\/Buton-Google-RS.png\" alt=\"\" width=\"300\" height=\"90\"><\/a> <a href=\"https:\/\/apps.apple.com\/us\/app\/daedalus-online\/id6447617571\"><img decoding=\"async\" class=\"alignnone wp-image-5941 size-full\" src=\"https:\/\/www.daedalusonline.eu\/web\/wp-content\/uploads\/2025\/06\/Buton-Apple-RS.png\" alt=\"\" width=\"300\" height=\"90\"><\/a><\/h2>\n<h2>&nbsp;<\/h2>\n<h2><strong>Takmi\u010denje<\/strong><\/h2>\n<p>Cilj takmi\u010denja je da podstakne aktivno i redovno kori\u0161\u0107enje aplikacije, kako bi se prikupio \u0161to ve\u0107i broj poena iskustva (XP). Tako\u0111e, predstavlja jo\u0161 jedan na\u010din da se nagradi stalna aktivnost ispitanika. Broj osvojenih XP poena automatski odre\u0111uje tvoju poziciju na generalnoj rang listi.<\/p>\n<p>&nbsp;<\/p>\n<p><b><img decoding=\"async\" class=\"alignright wp-image-5953 \" src=\"https:\/\/www.daedalusonline.eu\/web\/wp-content\/uploads\/2025\/06\/takmicenje_rs_app-569x1024.jpg\" alt=\"\" width=\"333\" height=\"600\"><\/b><\/p>\n<p><strong>U\u0111i u TAKMI\u010cENJE i osvoji xp poene<\/strong><\/p>\n<ol>\n<li>Popunjavaj ankete direktno u aplikaciji, a na kraju svake dobi\u0107e\u0161 XP poene, proporcionalno ukupnom broju poena koji se ina\u010de dodeljuju;<\/li>\n<li>Redovno pose\u0107uj novu sekciju pod nazivom \u201eTakmi\u010denje\u201d i proveri na kom si mestu u odnosu na druge korisnike;<\/li>\n<li>XP poeni \u0107e se sabirati tokom jedne sezone, a ako se na\u0111e\u0161 me\u0111u prvih 100, na kraju tog perioda bi\u0107e\u0161 nagra\u0111en\/a poenima u zavisnosti od pozicije koju zauzme\u0161.<\/li>\n<\/ol>\n<p>Za vi\u0161e informacija o dodeljivanju XP poena, njihovoj vrednosti, rang listi i drugim uslovima u\u010de\u0161\u0107a, mo\u017ee\u0161 pogledati pravilnik <a href=\"https:\/\/www.daedalusonline.eu\/web\/sr\/%D0%BF%D1%80%D0%BE%D0%BF%D0%B8%D1%81%D0%B8\/pravilnik-takmicenje\/\">OVDE<\/a>.<\/p>\n<p>&nbsp;<\/p>\n<h2><strong>Rang lista Takmi\u010denja<\/strong><\/h2>\n<p>Pogledaj rang listu ispod:<\/p>\n<p><a class=\"fasc-button fasc-size-medium fasc-type-popout fasc-rounded-medium\" style=\"background-color: #418826; color: #ffffff;\" href=\"https:\/\/www.daedalusonline.eu\/web\/wp-content\/uploads\/2026\/03\/RS_Rangiranje-Zimskog-Takmicenja-Daedalus-Online-2025.pdf\">Zimsko Takmi\u010denje 2025<\/a><\/p>\n<p><a class=\"fasc-button fasc-size-medium fasc-type-popout fasc-rounded-medium\" style=\"background-color: #418826; color: #ffffff;\" href=\"https:\/\/www.daedalusonline.eu\/web\/wp-content\/uploads\/2025\/12\/RS_Rangiranje-Jesenjeg-Takmicenja-Daedalus-Online-2025.pdf\">Jesen Takmi\u010denje 2025<\/a><\/p>\n<p><a class=\"fasc-button fasc-size-medium fasc-type-popout fasc-rounded-medium\" style=\"background-color: #418826; color: #ffffff;\" href=\"https:\/\/www.daedalusonline.eu\/web\/wp-content\/uploads\/2025\/09\/RS_Rangiranje-Letnjeg-Takmicenja-Daedalus-Online-2025.pdf\">Leto Takmi\u010denje 2025<\/a><\/p>\n<p><a class=\"fasc-button fasc-size-medium fasc-type-popout fasc-rounded-medium\" style=\"background-color: #3f8624; color: #f0f0f0;\" rel=\"nofollow\" href=\"https:\/\/www.daedalusonline.eu\/web\/wp-content\/uploads\/2025\/06\/RS_Rangiranje-Prolecnog-Takmicenja-Daedalus-Online-2025.pdf\">Prole\u0107e Takmi\u010denje 2025<\/a><\/p>\n","protected":false},"excerpt":{"rendered":"<p>Aplikacija Daedalus Online U\u017eivaj u brzom pristupu anketama i sakupljaj \u0161to vi\u0161e XP poena kako bi dospeo\/la na vrh liste i imao\/la \u0161ansu da bude\u0161 nagra\u0111en\/a poenima. &nbsp; \u0160ta je novo? Personalizovanije iskustvo popunjavanja \u2013 Sada mo\u017ee\u0161 da postavi\u0161 profilnu sliku koja te predstavlja i da izabere\u0161 koliko \u010desto \u017eeli\u0161 da bude\u0161 obave\u0161ten\/a o dostupnim anketama, takmi\u010denjima, aktivnim kampanjama i jo\u0161 mnogo toga; &nbsp; Prijateljski dizajn, napravljen za kreativno iskustvo \u2013 Uz pomo\u0107 ikonica sada je jednostavnije nego ikada da razume\u0161 istoriju svojih poena, popunjene ankete, zahteve za isplatu ili \u010dak svoj GOLD status; &nbsp; Novi deo \u201eA\u017euriranjte profil\u201d \u2013 [&hellip;]<\/p>\n","protected":false},"author":3,"featured_media":0,"parent":0,"menu_order":0,"comment_status":"closed","ping_status":"closed","template":"","meta":{"inline_featured_image":false,"footnotes":""},"class_list":["post-5928","page","type-page","status-publish","hentry"],"acf":[],"yoast_head":"<!-- This site is optimized with the Yoast SEO plugin v20.2.1 - https:\/\/yoast.com\/wordpress\/plugins\/seo\/ -->\n<title>Takmi\u010denje - Daedalus<\/title>\n<meta name=\"robots\" content=\"index, follow, max-snippet:-1, max-image-preview:large, max-video-preview:-1\" \/>\n<link rel=\"canonical\" href=\"https:\/\/www.daedalusonline.eu\/web\/sr\/takmicenje\/\" \/>\n<meta property=\"og:locale\" content=\"sr_RS\" \/>\n<meta property=\"og:type\" content=\"article\" \/>\n<meta property=\"og:title\" content=\"Takmi\u010denje - Daedalus\" \/>\n<meta property=\"og:description\" content=\"Aplikacija Daedalus Online U\u017eivaj u brzom pristupu anketama i sakupljaj \u0161to vi\u0161e XP poena kako bi dospeo\/la na vrh liste i imao\/la \u0161ansu da bude\u0161 nagra\u0111en\/a poenima. &nbsp; \u0160ta je novo? Personalizovanije iskustvo popunjavanja \u2013 Sada mo\u017ee\u0161 da postavi\u0161 profilnu sliku koja te predstavlja i da izabere\u0161 koliko \u010desto \u017eeli\u0161 da bude\u0161 obave\u0161ten\/a o dostupnim anketama, takmi\u010denjima, aktivnim kampanjama i jo\u0161 mnogo toga; &nbsp; Prijateljski dizajn, napravljen za kreativno iskustvo \u2013 Uz pomo\u0107 ikonica sada je jednostavnije nego ikada da razume\u0161 istoriju svojih poena, popunjene ankete, zahteve za isplatu ili \u010dak svoj GOLD status; &nbsp; Novi deo \u201eA\u017euriranjte profil\u201d \u2013 [&hellip;]\" \/>\n<meta property=\"og:url\" content=\"https:\/\/www.daedalusonline.eu\/web\/sr\/takmicenje\/\" \/>\n<meta property=\"og:site_name\" content=\"Daedalus\" \/>\n<meta property=\"article:modified_time\" content=\"2026-03-04T14:57:16+00:00\" \/>\n<meta property=\"og:image\" content=\"https:\/\/www.daedalusonline.eu\/web\/wp-content\/uploads\/2025\/06\/OK-Design-fara-titlu-3-Photoroom-1.png\" \/>\n<meta name=\"twitter:card\" content=\"summary_large_image\" \/>\n<meta name=\"twitter:label1\" content=\"\u041f\u0440\u043e\u0446\u0435\u045a\u0435\u043d\u043e \u0432\u0440\u0435\u043c\u0435 \u0447\u0438\u0442\u0430\u045a\u0430\" \/>\n\t<meta name=\"twitter:data1\" content=\"3 \u043c\u0438\u043d\u0443\u0442\u0430\" \/>\n<script type=\"application\/ld+json\" class=\"yoast-schema-graph\">{\"@context\":\"https:\/\/schema.org\",\"@graph\":[{\"@type\":\"WebPage\",\"@id\":\"https:\/\/www.daedalusonline.eu\/web\/sr\/takmicenje\/\",\"url\":\"https:\/\/www.daedalusonline.eu\/web\/sr\/takmicenje\/\",\"name\":\"Takmi\u010denje - Daedalus\",\"isPartOf\":{\"@id\":\"https:\/\/www.daedalusonline.eu\/web\/sr\/#website\"},\"datePublished\":\"2025-06-12T08:56:38+00:00\",\"dateModified\":\"2026-03-04T14:57:16+00:00\",\"inLanguage\":\"sr-RS\",\"potentialAction\":[{\"@type\":\"ReadAction\",\"target\":[\"https:\/\/www.daedalusonline.eu\/web\/sr\/takmicenje\/\"]}]},{\"@type\":\"WebSite\",\"@id\":\"https:\/\/www.daedalusonline.eu\/web\/sr\/#website\",\"url\":\"https:\/\/www.daedalusonline.eu\/web\/sr\/\",\"name\":\"Daedalus\",\"description\":\"\",\"potentialAction\":[{\"@type\":\"SearchAction\",\"target\":{\"@type\":\"EntryPoint\",\"urlTemplate\":\"https:\/\/www.daedalusonline.eu\/web\/sr\/?s={search_term_string}\"},\"query-input\":\"required name=search_term_string\"}],\"inLanguage\":\"sr-RS\"}]}<\/script>\n<!-- \/ Yoast SEO plugin. -->","yoast_head_json":{"title":"Takmi\u010denje - Daedalus","robots":{"index":"index","follow":"follow","max-snippet":"max-snippet:-1","max-image-preview":"max-image-preview:large","max-video-preview":"max-video-preview:-1"},"canonical":"https:\/\/www.daedalusonline.eu\/web\/sr\/takmicenje\/","og_locale":"sr_RS","og_type":"article","og_title":"Takmi\u010denje - Daedalus","og_description":"Aplikacija Daedalus Online U\u017eivaj u brzom pristupu anketama i sakupljaj \u0161to vi\u0161e XP poena kako bi dospeo\/la na vrh liste i imao\/la \u0161ansu da bude\u0161 nagra\u0111en\/a poenima. &nbsp; \u0160ta je novo? Personalizovanije iskustvo popunjavanja \u2013 Sada mo\u017ee\u0161 da postavi\u0161 profilnu sliku koja te predstavlja i da izabere\u0161 koliko \u010desto \u017eeli\u0161 da bude\u0161 obave\u0161ten\/a o dostupnim anketama, takmi\u010denjima, aktivnim kampanjama i jo\u0161 mnogo toga; &nbsp; Prijateljski dizajn, napravljen za kreativno iskustvo \u2013 Uz pomo\u0107 ikonica sada je jednostavnije nego ikada da razume\u0161 istoriju svojih poena, popunjene ankete, zahteve za isplatu ili \u010dak svoj GOLD status; &nbsp; Novi deo \u201eA\u017euriranjte profil\u201d \u2013 [&hellip;]","og_url":"https:\/\/www.daedalusonline.eu\/web\/sr\/takmicenje\/","og_site_name":"Daedalus","article_modified_time":"2026-03-04T14:57:16+00:00","og_image":[{"url":"https:\/\/www.daedalusonline.eu\/web\/wp-content\/uploads\/2025\/06\/OK-Design-fara-titlu-3-Photoroom-1.png"}],"twitter_card":"summary_large_image","twitter_misc":{"\u041f\u0440\u043e\u0446\u0435\u045a\u0435\u043d\u043e \u0432\u0440\u0435\u043c\u0435 \u0447\u0438\u0442\u0430\u045a\u0430":"3 \u043c\u0438\u043d\u0443\u0442\u0430"},"schema":{"@context":"https:\/\/schema.org","@graph":[{"@type":"WebPage","@id":"https:\/\/www.daedalusonline.eu\/web\/sr\/takmicenje\/","url":"https:\/\/www.daedalusonline.eu\/web\/sr\/takmicenje\/","name":"Takmi\u010denje - Daedalus","isPartOf":{"@id":"https:\/\/www.daedalusonline.eu\/web\/sr\/#website"},"datePublished":"2025-06-12T08:56:38+00:00","dateModified":"2026-03-04T14:57:16+00:00","inLanguage":"sr-RS","potentialAction":[{"@type":"ReadAction","target":["https:\/\/www.daedalusonline.eu\/web\/sr\/takmicenje\/"]}]},{"@type":"WebSite","@id":"https:\/\/www.daedalusonline.eu\/web\/sr\/#website","url":"https:\/\/www.daedalusonline.eu\/web\/sr\/","name":"Daedalus","description":"","potentialAction":[{"@type":"SearchAction","target":{"@type":"EntryPoint","urlTemplate":"https:\/\/www.daedalusonline.eu\/web\/sr\/?s={search_term_string}"},"query-input":"required name=search_term_string"}],"inLanguage":"sr-RS"}]}},"_links":{"self":[{"href":"https:\/\/www.daedalusonline.eu\/web\/sr\/wp-json\/wp\/v2\/pages\/5928","targetHints":{"allow":["GET"]}}],"collection":[{"href":"https:\/\/www.daedalusonline.eu\/web\/sr\/wp-json\/wp\/v2\/pages"}],"about":[{"href":"https:\/\/www.daedalusonline.eu\/web\/sr\/wp-json\/wp\/v2\/types\/page"}],"author":[{"embeddable":true,"href":"https:\/\/www.daedalusonline.eu\/web\/sr\/wp-json\/wp\/v2\/users\/3"}],"replies":[{"embeddable":true,"href":"https:\/\/www.daedalusonline.eu\/web\/sr\/wp-json\/wp\/v2\/comments?post=5928"}],"version-history":[{"count":7,"href":"https:\/\/www.daedalusonline.eu\/web\/sr\/wp-json\/wp\/v2\/pages\/5928\/revisions"}],"predecessor-version":[{"id":7507,"href":"https:\/\/www.daedalusonline.eu\/web\/sr\/wp-json\/wp\/v2\/pages\/5928\/revisions\/7507"}],"wp:attachment":[{"href":"https:\/\/www.daedalusonline.eu\/web\/sr\/wp-json\/wp\/v2\/media?parent=5928"}],"curies":[{"name":"wp","href":"https:\/\/api.w.org\/{rel}","templated":true}]}}