{"id":3183,"date":"2022-09-29T09:19:17","date_gmt":"2022-09-29T07:19:17","guid":{"rendered":"https:\/\/www.daedalusonline.eu\/web\/?page_id=3183"},"modified":"2022-09-29T09:45:06","modified_gmt":"2022-09-29T07:45:06","slug":"pentru-clienti","status":"publish","type":"page","link":"https:\/\/www.daedalusonline.eu\/web\/pentru-clienti\/","title":{"rendered":"Clien\u021bi"},"content":{"rendered":"<p>Daedalus New Media Research de\u021bine mai multe proiecte de business.\u00a0<br \/>\nV\u0103 invit\u0103m s\u0103 v\u0103 informa\u021bi despre toate acestea \u0219i s\u0103 \u00eel alege\u021bi pe cel care se potrive\u0219te cel mai bine nevoilor dumneavoastr\u0103 de business.\u00a0<\/p>\n","protected":false},"excerpt":{"rendered":"<p>Daedalus New Media Research de\u021bine mai multe proiecte de business.\u00a0 V\u0103 invit\u0103m s\u0103 v\u0103 informa\u021bi despre toate acestea \u0219i s\u0103 \u00eel alege\u021bi pe cel care se potrive\u0219te cel mai bine nevoilor dumneavoastr\u0103 de business.\u00a0<\/p>\n","protected":false},"author":3,"featured_media":0,"parent":0,"menu_order":0,"comment_status":"closed","ping_status":"closed","template":"","meta":{"inline_featured_image":false,"footnotes":""},"class_list":["post-3183","page","type-page","status-publish","hentry"],"acf":[],"yoast_head":"<!-- This site is optimized with the Yoast SEO plugin v20.2.1 - https:\/\/yoast.com\/wordpress\/plugins\/seo\/ -->\n<title>Clien\u021bi - Daedalus<\/title>\n<meta name=\"robots\" content=\"index, follow, max-snippet:-1, max-image-preview:large, max-video-preview:-1\" \/>\n<link rel=\"canonical\" href=\"https:\/\/www.daedalusonline.eu\/web\/pentru-clienti\/\" \/>\n<meta property=\"og:locale\" content=\"ro_RO\" \/>\n<meta property=\"og:type\" content=\"article\" \/>\n<meta property=\"og:title\" content=\"Clien\u021bi - Daedalus\" \/>\n<meta property=\"og:description\" content=\"Daedalus New Media Research de\u021bine mai multe proiecte de business.\u00a0 V\u0103 invit\u0103m s\u0103 v\u0103 informa\u021bi despre toate acestea \u0219i s\u0103 \u00eel alege\u021bi pe cel care se potrive\u0219te cel mai bine nevoilor dumneavoastr\u0103 de business.\u00a0\" \/>\n<meta property=\"og:url\" content=\"https:\/\/www.daedalusonline.eu\/web\/pentru-clienti\/\" \/>\n<meta property=\"og:site_name\" content=\"Daedalus\" \/>\n<meta property=\"article:modified_time\" content=\"2022-09-29T07:45:06+00:00\" \/>\n<meta name=\"twitter:card\" content=\"summary_large_image\" \/>\n<meta name=\"twitter:label1\" content=\"Timp estimat pentru citire\" \/>\n\t<meta name=\"twitter:data1\" content=\"1 minut\" \/>\n<script type=\"application\/ld+json\" class=\"yoast-schema-graph\">{\"@context\":\"https:\/\/schema.org\",\"@graph\":[{\"@type\":\"WebPage\",\"@id\":\"https:\/\/www.daedalusonline.eu\/web\/pentru-clienti\/\",\"url\":\"https:\/\/www.daedalusonline.eu\/web\/pentru-clienti\/\",\"name\":\"Clien\u021bi - Daedalus\",\"isPartOf\":{\"@id\":\"https:\/\/www.daedalusonline.eu\/web\/#website\"},\"datePublished\":\"2022-09-29T07:19:17+00:00\",\"dateModified\":\"2022-09-29T07:45:06+00:00\",\"inLanguage\":\"ro-RO\",\"potentialAction\":[{\"@type\":\"ReadAction\",\"target\":[\"https:\/\/www.daedalusonline.eu\/web\/pentru-clienti\/\"]}]},{\"@type\":\"WebSite\",\"@id\":\"https:\/\/www.daedalusonline.eu\/web\/#website\",\"url\":\"https:\/\/www.daedalusonline.eu\/web\/\",\"name\":\"Daedalus\",\"description\":\"\",\"potentialAction\":[{\"@type\":\"SearchAction\",\"target\":{\"@type\":\"EntryPoint\",\"urlTemplate\":\"https:\/\/www.daedalusonline.eu\/web\/?s={search_term_string}\"},\"query-input\":\"required name=search_term_string\"}],\"inLanguage\":\"ro-RO\"}]}<\/script>\n<!-- \/ Yoast SEO plugin. -->","yoast_head_json":{"title":"Clien\u021bi - Daedalus","robots":{"index":"index","follow":"follow","max-snippet":"max-snippet:-1","max-image-preview":"max-image-preview:large","max-video-preview":"max-video-preview:-1"},"canonical":"https:\/\/www.daedalusonline.eu\/web\/pentru-clienti\/","og_locale":"ro_RO","og_type":"article","og_title":"Clien\u021bi - Daedalus","og_description":"Daedalus New Media Research de\u021bine mai multe proiecte de business.\u00a0 V\u0103 invit\u0103m s\u0103 v\u0103 informa\u021bi despre toate acestea \u0219i s\u0103 \u00eel alege\u021bi pe cel care se potrive\u0219te cel mai bine nevoilor dumneavoastr\u0103 de business.\u00a0","og_url":"https:\/\/www.daedalusonline.eu\/web\/pentru-clienti\/","og_site_name":"Daedalus","article_modified_time":"2022-09-29T07:45:06+00:00","twitter_card":"summary_large_image","twitter_misc":{"Timp estimat pentru citire":"1 minut"},"schema":{"@context":"https:\/\/schema.org","@graph":[{"@type":"WebPage","@id":"https:\/\/www.daedalusonline.eu\/web\/pentru-clienti\/","url":"https:\/\/www.daedalusonline.eu\/web\/pentru-clienti\/","name":"Clien\u021bi - Daedalus","isPartOf":{"@id":"https:\/\/www.daedalusonline.eu\/web\/#website"},"datePublished":"2022-09-29T07:19:17+00:00","dateModified":"2022-09-29T07:45:06+00:00","inLanguage":"ro-RO","potentialAction":[{"@type":"ReadAction","target":["https:\/\/www.daedalusonline.eu\/web\/pentru-clienti\/"]}]},{"@type":"WebSite","@id":"https:\/\/www.daedalusonline.eu\/web\/#website","url":"https:\/\/www.daedalusonline.eu\/web\/","name":"Daedalus","description":"","potentialAction":[{"@type":"SearchAction","target":{"@type":"EntryPoint","urlTemplate":"https:\/\/www.daedalusonline.eu\/web\/?s={search_term_string}"},"query-input":"required name=search_term_string"}],"inLanguage":"ro-RO"}]}},"_links":{"self":[{"href":"https:\/\/www.daedalusonline.eu\/web\/wp-json\/wp\/v2\/pages\/3183","targetHints":{"allow":["GET"]}}],"collection":[{"href":"https:\/\/www.daedalusonline.eu\/web\/wp-json\/wp\/v2\/pages"}],"about":[{"href":"https:\/\/www.daedalusonline.eu\/web\/wp-json\/wp\/v2\/types\/page"}],"author":[{"embeddable":true,"href":"https:\/\/www.daedalusonline.eu\/web\/wp-json\/wp\/v2\/users\/3"}],"replies":[{"embeddable":true,"href":"https:\/\/www.daedalusonline.eu\/web\/wp-json\/wp\/v2\/comments?post=3183"}],"version-history":[{"count":0,"href":"https:\/\/www.daedalusonline.eu\/web\/wp-json\/wp\/v2\/pages\/3183\/revisions"}],"wp:attachment":[{"href":"https:\/\/www.daedalusonline.eu\/web\/wp-json\/wp\/v2\/media?parent=3183"}],"curies":[{"name":"wp","href":"https:\/\/api.w.org\/{rel}","templated":true}]}}