{"id":3191,"date":"2022-09-29T09:34:00","date_gmt":"2022-09-29T07:34:00","guid":{"rendered":"https:\/\/www.daedalusonline.eu\/web\/?page_id=3191"},"modified":"2022-09-29T09:35:35","modified_gmt":"2022-09-29T07:35:35","slug":"panel-de-medici-in-romania","status":"publish","type":"page","link":"https:\/\/www.daedalusonline.eu\/web\/pentru-clienti\/panel-de-medici-in-romania\/","title":{"rendered":"Panel de medici \u00een Rom\u00e2nia"},"content":{"rendered":"<p>\u00cencep\u00e2nd cu anul 2020, Daedalus New Media Research a dezvoltat un panel cuprinz\u0103tor de medici din Rom\u00e2nia. \u00cen prezent, panelul include 78% Medici de Familie \u0219i 22% Medici Speciali\u0219ti.<\/p>\n<p>Ratele de r\u0103spuns variaz\u0103 \u00eentre 35% \u0219i 55%, \u00een func\u021bie de subiect, de lungimea chestionarului \u0219i de moment.<\/p>\n<p style=\"text-align: center;\"><a class=\"fasc-button fasc-size-xlarge fasc-type-glossy fasc-rounded-medium fasc-ico-before dashicons-arrow-down-alt fasc-style-bold\" style=\"background-color: #288012; color: #ffffff;\" href=\"https:\/\/www.daedalusonline.eu\/web\/wp-content\/uploads\/2022\/09\/Daedalus-Medical-Healthcare-Professionals-2.pdf\">Desc\u0103rca\u021bi Panelbook<\/a><\/p>\n","protected":false},"excerpt":{"rendered":"<p>\u00cencep\u00e2nd cu anul 2020, Daedalus New Media Research a dezvoltat un panel cuprinz\u0103tor de medici din Rom\u00e2nia. \u00cen prezent, panelul include 78% Medici de Familie \u0219i 22% Medici Speciali\u0219ti. Ratele de r\u0103spuns variaz\u0103 \u00eentre 35% \u0219i 55%, \u00een func\u021bie de subiect, de lungimea chestionarului \u0219i de moment. Desc\u0103rca\u021bi Panelbook<\/p>\n","protected":false},"author":3,"featured_media":0,"parent":3183,"menu_order":0,"comment_status":"closed","ping_status":"closed","template":"","meta":{"inline_featured_image":false,"footnotes":""},"class_list":["post-3191","page","type-page","status-publish","hentry"],"acf":[],"yoast_head":"<!-- This site is optimized with the Yoast SEO plugin v20.2.1 - https:\/\/yoast.com\/wordpress\/plugins\/seo\/ -->\n<title>Panel de medici \u00een Rom\u00e2nia - Daedalus<\/title>\n<meta name=\"robots\" content=\"index, follow, max-snippet:-1, max-image-preview:large, max-video-preview:-1\" \/>\n<link rel=\"canonical\" href=\"https:\/\/www.daedalusonline.eu\/web\/pentru-clienti\/panel-de-medici-in-romania\/\" \/>\n<meta property=\"og:locale\" content=\"ro_RO\" \/>\n<meta property=\"og:type\" content=\"article\" \/>\n<meta property=\"og:title\" content=\"Panel de medici \u00een Rom\u00e2nia - Daedalus\" \/>\n<meta property=\"og:description\" content=\"\u00cencep\u00e2nd cu anul 2020, Daedalus New Media Research a dezvoltat un panel cuprinz\u0103tor de medici din Rom\u00e2nia. \u00cen prezent, panelul include 78% Medici de Familie \u0219i 22% Medici Speciali\u0219ti. Ratele de r\u0103spuns variaz\u0103 \u00eentre 35% \u0219i 55%, \u00een func\u021bie de subiect, de lungimea chestionarului \u0219i de moment. Desc\u0103rca\u021bi Panelbook\" \/>\n<meta property=\"og:url\" content=\"https:\/\/www.daedalusonline.eu\/web\/pentru-clienti\/panel-de-medici-in-romania\/\" \/>\n<meta property=\"og:site_name\" content=\"Daedalus\" \/>\n<meta property=\"article:modified_time\" content=\"2022-09-29T07:35:35+00:00\" \/>\n<meta name=\"twitter:card\" content=\"summary_large_image\" \/>\n<meta name=\"twitter:label1\" content=\"Timp estimat pentru citire\" \/>\n\t<meta name=\"twitter:data1\" content=\"1 minut\" \/>\n<script type=\"application\/ld+json\" class=\"yoast-schema-graph\">{\"@context\":\"https:\/\/schema.org\",\"@graph\":[{\"@type\":\"WebPage\",\"@id\":\"https:\/\/www.daedalusonline.eu\/web\/pentru-clienti\/panel-de-medici-in-romania\/\",\"url\":\"https:\/\/www.daedalusonline.eu\/web\/pentru-clienti\/panel-de-medici-in-romania\/\",\"name\":\"Panel de medici \u00een Rom\u00e2nia - Daedalus\",\"isPartOf\":{\"@id\":\"https:\/\/www.daedalusonline.eu\/web\/#website\"},\"datePublished\":\"2022-09-29T07:34:00+00:00\",\"dateModified\":\"2022-09-29T07:35:35+00:00\",\"breadcrumb\":{\"@id\":\"https:\/\/www.daedalusonline.eu\/web\/pentru-clienti\/panel-de-medici-in-romania\/#breadcrumb\"},\"inLanguage\":\"ro-RO\",\"potentialAction\":[{\"@type\":\"ReadAction\",\"target\":[\"https:\/\/www.daedalusonline.eu\/web\/pentru-clienti\/panel-de-medici-in-romania\/\"]}]},{\"@type\":\"BreadcrumbList\",\"@id\":\"https:\/\/www.daedalusonline.eu\/web\/pentru-clienti\/panel-de-medici-in-romania\/#breadcrumb\",\"itemListElement\":[{\"@type\":\"ListItem\",\"position\":1,\"name\":\"Clien\u021bi\",\"item\":\"https:\/\/www.daedalusonline.eu\/web\/pentru-clienti\/\"},{\"@type\":\"ListItem\",\"position\":2,\"name\":\"Panel de medici \u00een Rom\u00e2nia\"}]},{\"@type\":\"WebSite\",\"@id\":\"https:\/\/www.daedalusonline.eu\/web\/#website\",\"url\":\"https:\/\/www.daedalusonline.eu\/web\/\",\"name\":\"Daedalus\",\"description\":\"\",\"potentialAction\":[{\"@type\":\"SearchAction\",\"target\":{\"@type\":\"EntryPoint\",\"urlTemplate\":\"https:\/\/www.daedalusonline.eu\/web\/?s={search_term_string}\"},\"query-input\":\"required name=search_term_string\"}],\"inLanguage\":\"ro-RO\"}]}<\/script>\n<!-- \/ Yoast SEO plugin. -->","yoast_head_json":{"title":"Panel de medici \u00een Rom\u00e2nia - Daedalus","robots":{"index":"index","follow":"follow","max-snippet":"max-snippet:-1","max-image-preview":"max-image-preview:large","max-video-preview":"max-video-preview:-1"},"canonical":"https:\/\/www.daedalusonline.eu\/web\/pentru-clienti\/panel-de-medici-in-romania\/","og_locale":"ro_RO","og_type":"article","og_title":"Panel de medici \u00een Rom\u00e2nia - Daedalus","og_description":"\u00cencep\u00e2nd cu anul 2020, Daedalus New Media Research a dezvoltat un panel cuprinz\u0103tor de medici din Rom\u00e2nia. \u00cen prezent, panelul include 78% Medici de Familie \u0219i 22% Medici Speciali\u0219ti. Ratele de r\u0103spuns variaz\u0103 \u00eentre 35% \u0219i 55%, \u00een func\u021bie de subiect, de lungimea chestionarului \u0219i de moment. Desc\u0103rca\u021bi Panelbook","og_url":"https:\/\/www.daedalusonline.eu\/web\/pentru-clienti\/panel-de-medici-in-romania\/","og_site_name":"Daedalus","article_modified_time":"2022-09-29T07:35:35+00:00","twitter_card":"summary_large_image","twitter_misc":{"Timp estimat pentru citire":"1 minut"},"schema":{"@context":"https:\/\/schema.org","@graph":[{"@type":"WebPage","@id":"https:\/\/www.daedalusonline.eu\/web\/pentru-clienti\/panel-de-medici-in-romania\/","url":"https:\/\/www.daedalusonline.eu\/web\/pentru-clienti\/panel-de-medici-in-romania\/","name":"Panel de medici \u00een Rom\u00e2nia - Daedalus","isPartOf":{"@id":"https:\/\/www.daedalusonline.eu\/web\/#website"},"datePublished":"2022-09-29T07:34:00+00:00","dateModified":"2022-09-29T07:35:35+00:00","breadcrumb":{"@id":"https:\/\/www.daedalusonline.eu\/web\/pentru-clienti\/panel-de-medici-in-romania\/#breadcrumb"},"inLanguage":"ro-RO","potentialAction":[{"@type":"ReadAction","target":["https:\/\/www.daedalusonline.eu\/web\/pentru-clienti\/panel-de-medici-in-romania\/"]}]},{"@type":"BreadcrumbList","@id":"https:\/\/www.daedalusonline.eu\/web\/pentru-clienti\/panel-de-medici-in-romania\/#breadcrumb","itemListElement":[{"@type":"ListItem","position":1,"name":"Clien\u021bi","item":"https:\/\/www.daedalusonline.eu\/web\/pentru-clienti\/"},{"@type":"ListItem","position":2,"name":"Panel de medici \u00een Rom\u00e2nia"}]},{"@type":"WebSite","@id":"https:\/\/www.daedalusonline.eu\/web\/#website","url":"https:\/\/www.daedalusonline.eu\/web\/","name":"Daedalus","description":"","potentialAction":[{"@type":"SearchAction","target":{"@type":"EntryPoint","urlTemplate":"https:\/\/www.daedalusonline.eu\/web\/?s={search_term_string}"},"query-input":"required name=search_term_string"}],"inLanguage":"ro-RO"}]}},"_links":{"self":[{"href":"https:\/\/www.daedalusonline.eu\/web\/wp-json\/wp\/v2\/pages\/3191","targetHints":{"allow":["GET"]}}],"collection":[{"href":"https:\/\/www.daedalusonline.eu\/web\/wp-json\/wp\/v2\/pages"}],"about":[{"href":"https:\/\/www.daedalusonline.eu\/web\/wp-json\/wp\/v2\/types\/page"}],"author":[{"embeddable":true,"href":"https:\/\/www.daedalusonline.eu\/web\/wp-json\/wp\/v2\/users\/3"}],"replies":[{"embeddable":true,"href":"https:\/\/www.daedalusonline.eu\/web\/wp-json\/wp\/v2\/comments?post=3191"}],"version-history":[{"count":0,"href":"https:\/\/www.daedalusonline.eu\/web\/wp-json\/wp\/v2\/pages\/3191\/revisions"}],"up":[{"embeddable":true,"href":"https:\/\/www.daedalusonline.eu\/web\/wp-json\/wp\/v2\/pages\/3183"}],"wp:attachment":[{"href":"https:\/\/www.daedalusonline.eu\/web\/wp-json\/wp\/v2\/media?parent=3191"}],"curies":[{"name":"wp","href":"https:\/\/api.w.org\/{rel}","templated":true}]}}