{"id":3195,"date":"2022-09-29T09:41:05","date_gmt":"2022-09-29T07:41:05","guid":{"rendered":"https:\/\/www.daedalusonline.eu\/web\/?page_id=3195"},"modified":"2023-02-14T13:48:39","modified_gmt":"2023-02-14T11:48:39","slug":"frappe-digital","status":"publish","type":"page","link":"https:\/\/www.daedalusonline.eu\/web\/pentru-clienti\/frappe-digital\/","title":{"rendered":"Frappe Digital"},"content":{"rendered":"<p>C\u00e2t de repede e <strong>REPEDE<\/strong> c\u00e2nd vrei s\u0103 faci o cercetare de pia\u021b\u0103? Dou\u0103 s\u0103pt\u0103m\u00e2ni? O s\u0103pt\u0103m\u00e2n\u0103? Trei zile?<\/p>\n<p><span style=\"color: #0000ff;\"><strong>Ce zici de o singur\u0103 zi?<\/strong><\/span><\/p>\n<p><span style=\"color: #0000ff;\"><strong>Ai citit bine \u2013 o zi.<\/strong><\/span> \u0218i nu, nu e o figur\u0103 de stil. Alege m\u0103rimea \u0219i structura e\u0219antionului, pune \u00eentreb\u0103rile care te intereseaz\u0103, lanseaz\u0103 proiectul p\u00e2n\u0103 \u00een ora 12:00 ziua \u0219i a doua zi ai datele prelucrate \u00een format tabelar.<\/p>\n<p>Totul la un pre\u021b cumsecade \u2013 semnificativ mai mic dec\u00e2t pre\u021burile cu care e\u0219ti obi\u0219nuit. \u0218i in plus, perfect transparent. Ob\u021bii un pre\u021b estimat \u00een mai pu\u021bin de 1 minut \u0219i vezi cum evolueaz\u0103 pre\u021bul pe m\u0103sur\u0103 ce adaugi \u00eentreb\u0103rile.<\/p>\n<p>Nu ne deranjeaz\u0103 dac\u0103 vrei e\u0219antioane mari sau mici. Nici nu ne sup\u0103ram dac\u0103 ai doar o \u00eentrebare sau multe \u00eentreb\u0103ri!<\/p>\n<p>Aaaaa, \u0219i s\u0103 nu uit. Dac\u0103 chiar e grab\u0103 mare, po\u021bi desc\u0103rca analiza pe date par\u021biale, la doar c\u00e2teva ore de la lansarea studiului. Tare, nu?<\/p>\n<p>Acum, poate te g\u00e2nde\u0219ti c\u0103 e ceva putred \u00een Danemarca, c\u0103 nu se poate face o cercetare de pia\u021b\u0103 at\u00e2t de repede, f\u0103r\u0103 s\u0103 t\u0103iem pe la col\u021buri. Po\u021bi sta lini\u0219tit(\u0103). Folosim panelul Daedalus Online care are peste 100,000 de membri \u00een Romania. E panelul care furnizeaz\u0103 culegerea datelor online pentru cea mai mare parte a firmelor de cercetare de pia\u021b\u0103 din Rom\u00e2nia. Vrei s\u0103 vezi \u0219i tu cum func\u021bioneaza? Intr\u0103 <a href=\"https:\/\/www.frappedigital.com\/register\">aici<\/a>\u00a0pentru a ob\u021bine username \u0219i parol\u0103.<\/p>\n<p>E timpul s\u0103 fii agil. E timpul pentru Frappe Digital!<\/p>\n<p class=\"text-center\"><strong><span style=\"color: #33cccc;\">Ne po\u021bi contacta la adresa de email:<\/span>\u00a0<a href=\"mailto:quotations@frappedigital.com\">quotations@frappedigital.com<\/a><\/strong><\/p>\n<p>Pute\u021bi accesa site-ul Frappe Digital <a href=\"https:\/\/www.frappedigital.com\/\">aici<\/a>.<\/p>\n","protected":false},"excerpt":{"rendered":"<p>C\u00e2t de repede e REPEDE c\u00e2nd vrei s\u0103 faci o cercetare de pia\u021b\u0103? Dou\u0103 s\u0103pt\u0103m\u00e2ni? O s\u0103pt\u0103m\u00e2n\u0103? Trei zile? Ce zici de o singur\u0103 zi? Ai citit bine \u2013 o zi. \u0218i nu, nu e o figur\u0103 de stil. Alege m\u0103rimea \u0219i structura e\u0219antionului, pune \u00eentreb\u0103rile care te intereseaz\u0103, lanseaz\u0103 proiectul p\u00e2n\u0103 \u00een ora 12:00 ziua \u0219i a doua zi ai datele prelucrate \u00een format tabelar. Totul la un pre\u021b cumsecade \u2013 semnificativ mai mic dec\u00e2t pre\u021burile cu care e\u0219ti obi\u0219nuit. \u0218i in plus, perfect transparent. Ob\u021bii un pre\u021b estimat \u00een mai pu\u021bin de 1 minut \u0219i vezi cum evolueaz\u0103 [&hellip;]<\/p>\n","protected":false},"author":3,"featured_media":0,"parent":3183,"menu_order":0,"comment_status":"closed","ping_status":"closed","template":"","meta":{"inline_featured_image":false,"footnotes":""},"class_list":["post-3195","page","type-page","status-publish","hentry"],"acf":[],"yoast_head":"<!-- This site is optimized with the Yoast SEO plugin v20.2.1 - https:\/\/yoast.com\/wordpress\/plugins\/seo\/ -->\n<title>Frappe Digital - Daedalus<\/title>\n<meta name=\"robots\" content=\"index, follow, max-snippet:-1, max-image-preview:large, max-video-preview:-1\" \/>\n<link rel=\"canonical\" href=\"https:\/\/www.daedalusonline.eu\/web\/pentru-clienti\/frappe-digital\/\" \/>\n<meta property=\"og:locale\" content=\"ro_RO\" \/>\n<meta property=\"og:type\" content=\"article\" \/>\n<meta property=\"og:title\" content=\"Frappe Digital - Daedalus\" \/>\n<meta property=\"og:description\" content=\"C\u00e2t de repede e REPEDE c\u00e2nd vrei s\u0103 faci o cercetare de pia\u021b\u0103? Dou\u0103 s\u0103pt\u0103m\u00e2ni? O s\u0103pt\u0103m\u00e2n\u0103? Trei zile? Ce zici de o singur\u0103 zi? Ai citit bine \u2013 o zi. \u0218i nu, nu e o figur\u0103 de stil. Alege m\u0103rimea \u0219i structura e\u0219antionului, pune \u00eentreb\u0103rile care te intereseaz\u0103, lanseaz\u0103 proiectul p\u00e2n\u0103 \u00een ora 12:00 ziua \u0219i a doua zi ai datele prelucrate \u00een format tabelar. Totul la un pre\u021b cumsecade \u2013 semnificativ mai mic dec\u00e2t pre\u021burile cu care e\u0219ti obi\u0219nuit. \u0218i in plus, perfect transparent. Ob\u021bii un pre\u021b estimat \u00een mai pu\u021bin de 1 minut \u0219i vezi cum evolueaz\u0103 [&hellip;]\" \/>\n<meta property=\"og:url\" content=\"https:\/\/www.daedalusonline.eu\/web\/pentru-clienti\/frappe-digital\/\" \/>\n<meta property=\"og:site_name\" content=\"Daedalus\" \/>\n<meta property=\"article:modified_time\" content=\"2023-02-14T11:48:39+00:00\" \/>\n<meta name=\"twitter:card\" content=\"summary_large_image\" \/>\n<meta name=\"twitter:label1\" content=\"Timp estimat pentru citire\" \/>\n\t<meta name=\"twitter:data1\" content=\"2 minute\" \/>\n<script type=\"application\/ld+json\" class=\"yoast-schema-graph\">{\"@context\":\"https:\/\/schema.org\",\"@graph\":[{\"@type\":\"WebPage\",\"@id\":\"https:\/\/www.daedalusonline.eu\/web\/pentru-clienti\/frappe-digital\/\",\"url\":\"https:\/\/www.daedalusonline.eu\/web\/pentru-clienti\/frappe-digital\/\",\"name\":\"Frappe Digital - Daedalus\",\"isPartOf\":{\"@id\":\"https:\/\/www.daedalusonline.eu\/web\/#website\"},\"datePublished\":\"2022-09-29T07:41:05+00:00\",\"dateModified\":\"2023-02-14T11:48:39+00:00\",\"breadcrumb\":{\"@id\":\"https:\/\/www.daedalusonline.eu\/web\/pentru-clienti\/frappe-digital\/#breadcrumb\"},\"inLanguage\":\"ro-RO\",\"potentialAction\":[{\"@type\":\"ReadAction\",\"target\":[\"https:\/\/www.daedalusonline.eu\/web\/pentru-clienti\/frappe-digital\/\"]}]},{\"@type\":\"BreadcrumbList\",\"@id\":\"https:\/\/www.daedalusonline.eu\/web\/pentru-clienti\/frappe-digital\/#breadcrumb\",\"itemListElement\":[{\"@type\":\"ListItem\",\"position\":1,\"name\":\"Clien\u021bi\",\"item\":\"https:\/\/www.daedalusonline.eu\/web\/pentru-clienti\/\"},{\"@type\":\"ListItem\",\"position\":2,\"name\":\"Frappe Digital\"}]},{\"@type\":\"WebSite\",\"@id\":\"https:\/\/www.daedalusonline.eu\/web\/#website\",\"url\":\"https:\/\/www.daedalusonline.eu\/web\/\",\"name\":\"Daedalus\",\"description\":\"\",\"potentialAction\":[{\"@type\":\"SearchAction\",\"target\":{\"@type\":\"EntryPoint\",\"urlTemplate\":\"https:\/\/www.daedalusonline.eu\/web\/?s={search_term_string}\"},\"query-input\":\"required name=search_term_string\"}],\"inLanguage\":\"ro-RO\"}]}<\/script>\n<!-- \/ Yoast SEO plugin. -->","yoast_head_json":{"title":"Frappe Digital - Daedalus","robots":{"index":"index","follow":"follow","max-snippet":"max-snippet:-1","max-image-preview":"max-image-preview:large","max-video-preview":"max-video-preview:-1"},"canonical":"https:\/\/www.daedalusonline.eu\/web\/pentru-clienti\/frappe-digital\/","og_locale":"ro_RO","og_type":"article","og_title":"Frappe Digital - Daedalus","og_description":"C\u00e2t de repede e REPEDE c\u00e2nd vrei s\u0103 faci o cercetare de pia\u021b\u0103? Dou\u0103 s\u0103pt\u0103m\u00e2ni? O s\u0103pt\u0103m\u00e2n\u0103? Trei zile? Ce zici de o singur\u0103 zi? Ai citit bine \u2013 o zi. \u0218i nu, nu e o figur\u0103 de stil. Alege m\u0103rimea \u0219i structura e\u0219antionului, pune \u00eentreb\u0103rile care te intereseaz\u0103, lanseaz\u0103 proiectul p\u00e2n\u0103 \u00een ora 12:00 ziua \u0219i a doua zi ai datele prelucrate \u00een format tabelar. Totul la un pre\u021b cumsecade \u2013 semnificativ mai mic dec\u00e2t pre\u021burile cu care e\u0219ti obi\u0219nuit. \u0218i in plus, perfect transparent. Ob\u021bii un pre\u021b estimat \u00een mai pu\u021bin de 1 minut \u0219i vezi cum evolueaz\u0103 [&hellip;]","og_url":"https:\/\/www.daedalusonline.eu\/web\/pentru-clienti\/frappe-digital\/","og_site_name":"Daedalus","article_modified_time":"2023-02-14T11:48:39+00:00","twitter_card":"summary_large_image","twitter_misc":{"Timp estimat pentru citire":"2 minute"},"schema":{"@context":"https:\/\/schema.org","@graph":[{"@type":"WebPage","@id":"https:\/\/www.daedalusonline.eu\/web\/pentru-clienti\/frappe-digital\/","url":"https:\/\/www.daedalusonline.eu\/web\/pentru-clienti\/frappe-digital\/","name":"Frappe Digital - Daedalus","isPartOf":{"@id":"https:\/\/www.daedalusonline.eu\/web\/#website"},"datePublished":"2022-09-29T07:41:05+00:00","dateModified":"2023-02-14T11:48:39+00:00","breadcrumb":{"@id":"https:\/\/www.daedalusonline.eu\/web\/pentru-clienti\/frappe-digital\/#breadcrumb"},"inLanguage":"ro-RO","potentialAction":[{"@type":"ReadAction","target":["https:\/\/www.daedalusonline.eu\/web\/pentru-clienti\/frappe-digital\/"]}]},{"@type":"BreadcrumbList","@id":"https:\/\/www.daedalusonline.eu\/web\/pentru-clienti\/frappe-digital\/#breadcrumb","itemListElement":[{"@type":"ListItem","position":1,"name":"Clien\u021bi","item":"https:\/\/www.daedalusonline.eu\/web\/pentru-clienti\/"},{"@type":"ListItem","position":2,"name":"Frappe Digital"}]},{"@type":"WebSite","@id":"https:\/\/www.daedalusonline.eu\/web\/#website","url":"https:\/\/www.daedalusonline.eu\/web\/","name":"Daedalus","description":"","potentialAction":[{"@type":"SearchAction","target":{"@type":"EntryPoint","urlTemplate":"https:\/\/www.daedalusonline.eu\/web\/?s={search_term_string}"},"query-input":"required name=search_term_string"}],"inLanguage":"ro-RO"}]}},"_links":{"self":[{"href":"https:\/\/www.daedalusonline.eu\/web\/wp-json\/wp\/v2\/pages\/3195","targetHints":{"allow":["GET"]}}],"collection":[{"href":"https:\/\/www.daedalusonline.eu\/web\/wp-json\/wp\/v2\/pages"}],"about":[{"href":"https:\/\/www.daedalusonline.eu\/web\/wp-json\/wp\/v2\/types\/page"}],"author":[{"embeddable":true,"href":"https:\/\/www.daedalusonline.eu\/web\/wp-json\/wp\/v2\/users\/3"}],"replies":[{"embeddable":true,"href":"https:\/\/www.daedalusonline.eu\/web\/wp-json\/wp\/v2\/comments?post=3195"}],"version-history":[{"count":0,"href":"https:\/\/www.daedalusonline.eu\/web\/wp-json\/wp\/v2\/pages\/3195\/revisions"}],"up":[{"embeddable":true,"href":"https:\/\/www.daedalusonline.eu\/web\/wp-json\/wp\/v2\/pages\/3183"}],"wp:attachment":[{"href":"https:\/\/www.daedalusonline.eu\/web\/wp-json\/wp\/v2\/media?parent=3195"}],"curies":[{"name":"wp","href":"https:\/\/api.w.org\/{rel}","templated":true}]}}