{"id":36,"date":"2021-09-29T11:47:31","date_gmt":"2021-09-29T11:47:31","guid":{"rendered":"https:\/\/www.daedalusonline.eu\/web\/?page_id=36"},"modified":"2022-03-23T14:20:08","modified_gmt":"2022-03-23T12:20:08","slug":"despre-noi","status":"publish","type":"page","link":"https:\/\/www.daedalusonline.eu\/web\/despre-noi\/","title":{"rendered":"Despre Noi"},"content":{"rendered":"<p>Dac\u0103 ai ajuns pe aceast\u0103 pagin\u0103, ai f\u0103cut deja un salt de \u00eencredere. Vrei deja s\u0103 \u0219tii mai multe despre noi ca s\u0103 decizi dac\u0103 dore\u0219ti s\u0103 intri \u00een comunitate sau nu. <br \/>\nSincer, exact de oameni ca tine avem nevoie! <br \/>\nOameni serio\u0219i, one\u0219ti, responsabili, aten\u021bi la lucrurile din jurul lor.<\/p>\n<p>\u00ce\u021bi vom spune doar at\u00e2t: de peste 10 ani construim \u0219i gestion\u0103m comunit\u0103\u021bi de oameni ca tine. <br \/>\nSunt peste 400,000 (ai citit bine, patru sute de mii) de persoane \u00eenscrise \u00een comunitatea Daedalus Online \u00een peste 10 \u021b\u0103ri. Nu ne juc\u0103m cu p\u0103strarea confiden\u021bialit\u0103\u021bii \u0219i trat\u0103m cu maxim\u0103 seriozitate gestionarea datelor personale. Suntem membri ESOMAR \u0219i operatori de date personale \u00eenregistrat cu num\u0103rul 12502. <br \/>\nTot ce avem mai de pre\u021b e \u00eencrederea paneli\u0219tilor no\u0219tri, de aceea ne purt\u0103m responsabil \u0219i atent cu fiecare persoan\u0103 \u00een parte.<\/p>\n<p>Sper\u0103m c\u0103 te-am convins c\u0103 suntem o companie serioas\u0103. \u00censcrie-te gratuit aici, ce-ai de pierdut?<\/p>\n","protected":false},"excerpt":{"rendered":"<p>Dac\u0103 ai ajuns pe aceast\u0103 pagin\u0103, ai f\u0103cut deja un salt de \u00eencredere. Vrei deja s\u0103 \u0219tii mai multe despre noi ca s\u0103 decizi dac\u0103 dore\u0219ti s\u0103 intri \u00een comunitate sau nu. Sincer, exact de oameni ca tine avem nevoie! Oameni serio\u0219i, one\u0219ti, responsabili, aten\u021bi la lucrurile din jurul lor. \u00ce\u021bi vom spune doar at\u00e2t: de peste 10 ani construim \u0219i gestion\u0103m comunit\u0103\u021bi de oameni ca tine. Sunt peste 400,000 (ai citit bine, patru sute de mii) de persoane \u00eenscrise \u00een comunitatea Daedalus Online \u00een peste 10 \u021b\u0103ri. Nu ne juc\u0103m cu p\u0103strarea confiden\u021bialit\u0103\u021bii \u0219i trat\u0103m cu maxim\u0103 seriozitate gestionarea [&hellip;]<\/p>\n","protected":false},"author":1,"featured_media":470,"parent":0,"menu_order":158,"comment_status":"closed","ping_status":"closed","template":"templates\/page-about.php","meta":{"inline_featured_image":false,"footnotes":""},"class_list":["post-36","page","type-page","status-publish","has-post-thumbnail","hentry"],"acf":[],"yoast_head":"<!-- This site is optimized with the Yoast SEO plugin v20.2.1 - https:\/\/yoast.com\/wordpress\/plugins\/seo\/ -->\n<title>Despre Noi - Daedalus<\/title>\n<meta name=\"robots\" content=\"index, follow, max-snippet:-1, max-image-preview:large, max-video-preview:-1\" \/>\n<link rel=\"canonical\" href=\"https:\/\/www.daedalusonline.eu\/web\/despre-noi\/\" \/>\n<meta property=\"og:locale\" content=\"ro_RO\" \/>\n<meta property=\"og:type\" content=\"article\" \/>\n<meta property=\"og:title\" content=\"Despre Noi - Daedalus\" \/>\n<meta property=\"og:description\" content=\"Dac\u0103 ai ajuns pe aceast\u0103 pagin\u0103, ai f\u0103cut deja un salt de \u00eencredere. Vrei deja s\u0103 \u0219tii mai multe despre noi ca s\u0103 decizi dac\u0103 dore\u0219ti s\u0103 intri \u00een comunitate sau nu. Sincer, exact de oameni ca tine avem nevoie! Oameni serio\u0219i, one\u0219ti, responsabili, aten\u021bi la lucrurile din jurul lor. \u00ce\u021bi vom spune doar at\u00e2t: de peste 10 ani construim \u0219i gestion\u0103m comunit\u0103\u021bi de oameni ca tine. Sunt peste 400,000 (ai citit bine, patru sute de mii) de persoane \u00eenscrise \u00een comunitatea Daedalus Online \u00een peste 10 \u021b\u0103ri. Nu ne juc\u0103m cu p\u0103strarea confiden\u021bialit\u0103\u021bii \u0219i trat\u0103m cu maxim\u0103 seriozitate gestionarea [&hellip;]\" \/>\n<meta property=\"og:url\" content=\"https:\/\/www.daedalusonline.eu\/web\/despre-noi\/\" \/>\n<meta property=\"og:site_name\" content=\"Daedalus\" \/>\n<meta property=\"article:modified_time\" content=\"2022-03-23T12:20:08+00:00\" \/>\n<meta property=\"og:image\" content=\"https:\/\/www.daedalusonline.eu\/web\/wp-content\/uploads\/2021\/11\/hero_aboutus.jpeg\" \/>\n\t<meta property=\"og:image:width\" content=\"1920\" \/>\n\t<meta property=\"og:image:height\" content=\"435\" \/>\n\t<meta property=\"og:image:type\" content=\"image\/jpeg\" \/>\n<meta name=\"twitter:card\" content=\"summary_large_image\" \/>\n<meta name=\"twitter:label1\" content=\"Timp estimat pentru citire\" \/>\n\t<meta name=\"twitter:data1\" content=\"1 minut\" \/>\n<script type=\"application\/ld+json\" class=\"yoast-schema-graph\">{\"@context\":\"https:\/\/schema.org\",\"@graph\":[{\"@type\":\"WebPage\",\"@id\":\"https:\/\/www.daedalusonline.eu\/web\/despre-noi\/\",\"url\":\"https:\/\/www.daedalusonline.eu\/web\/despre-noi\/\",\"name\":\"Despre Noi - Daedalus\",\"isPartOf\":{\"@id\":\"https:\/\/www.daedalusonline.eu\/web\/#website\"},\"datePublished\":\"2021-09-29T11:47:31+00:00\",\"dateModified\":\"2022-03-23T12:20:08+00:00\",\"inLanguage\":\"ro-RO\",\"potentialAction\":[{\"@type\":\"ReadAction\",\"target\":[\"https:\/\/www.daedalusonline.eu\/web\/despre-noi\/\"]}]},{\"@type\":\"WebSite\",\"@id\":\"https:\/\/www.daedalusonline.eu\/web\/#website\",\"url\":\"https:\/\/www.daedalusonline.eu\/web\/\",\"name\":\"Daedalus\",\"description\":\"\",\"potentialAction\":[{\"@type\":\"SearchAction\",\"target\":{\"@type\":\"EntryPoint\",\"urlTemplate\":\"https:\/\/www.daedalusonline.eu\/web\/?s={search_term_string}\"},\"query-input\":\"required name=search_term_string\"}],\"inLanguage\":\"ro-RO\"}]}<\/script>\n<!-- \/ Yoast SEO plugin. -->","yoast_head_json":{"title":"Despre Noi - Daedalus","robots":{"index":"index","follow":"follow","max-snippet":"max-snippet:-1","max-image-preview":"max-image-preview:large","max-video-preview":"max-video-preview:-1"},"canonical":"https:\/\/www.daedalusonline.eu\/web\/despre-noi\/","og_locale":"ro_RO","og_type":"article","og_title":"Despre Noi - Daedalus","og_description":"Dac\u0103 ai ajuns pe aceast\u0103 pagin\u0103, ai f\u0103cut deja un salt de \u00eencredere. Vrei deja s\u0103 \u0219tii mai multe despre noi ca s\u0103 decizi dac\u0103 dore\u0219ti s\u0103 intri \u00een comunitate sau nu. Sincer, exact de oameni ca tine avem nevoie! Oameni serio\u0219i, one\u0219ti, responsabili, aten\u021bi la lucrurile din jurul lor. \u00ce\u021bi vom spune doar at\u00e2t: de peste 10 ani construim \u0219i gestion\u0103m comunit\u0103\u021bi de oameni ca tine. Sunt peste 400,000 (ai citit bine, patru sute de mii) de persoane \u00eenscrise \u00een comunitatea Daedalus Online \u00een peste 10 \u021b\u0103ri. Nu ne juc\u0103m cu p\u0103strarea confiden\u021bialit\u0103\u021bii \u0219i trat\u0103m cu maxim\u0103 seriozitate gestionarea [&hellip;]","og_url":"https:\/\/www.daedalusonline.eu\/web\/despre-noi\/","og_site_name":"Daedalus","article_modified_time":"2022-03-23T12:20:08+00:00","og_image":[{"width":1920,"height":435,"url":"https:\/\/www.daedalusonline.eu\/web\/wp-content\/uploads\/2021\/11\/hero_aboutus.jpeg","type":"image\/jpeg"}],"twitter_card":"summary_large_image","twitter_misc":{"Timp estimat pentru citire":"1 minut"},"schema":{"@context":"https:\/\/schema.org","@graph":[{"@type":"WebPage","@id":"https:\/\/www.daedalusonline.eu\/web\/despre-noi\/","url":"https:\/\/www.daedalusonline.eu\/web\/despre-noi\/","name":"Despre Noi - Daedalus","isPartOf":{"@id":"https:\/\/www.daedalusonline.eu\/web\/#website"},"datePublished":"2021-09-29T11:47:31+00:00","dateModified":"2022-03-23T12:20:08+00:00","inLanguage":"ro-RO","potentialAction":[{"@type":"ReadAction","target":["https:\/\/www.daedalusonline.eu\/web\/despre-noi\/"]}]},{"@type":"WebSite","@id":"https:\/\/www.daedalusonline.eu\/web\/#website","url":"https:\/\/www.daedalusonline.eu\/web\/","name":"Daedalus","description":"","potentialAction":[{"@type":"SearchAction","target":{"@type":"EntryPoint","urlTemplate":"https:\/\/www.daedalusonline.eu\/web\/?s={search_term_string}"},"query-input":"required name=search_term_string"}],"inLanguage":"ro-RO"}]}},"_links":{"self":[{"href":"https:\/\/www.daedalusonline.eu\/web\/wp-json\/wp\/v2\/pages\/36","targetHints":{"allow":["GET"]}}],"collection":[{"href":"https:\/\/www.daedalusonline.eu\/web\/wp-json\/wp\/v2\/pages"}],"about":[{"href":"https:\/\/www.daedalusonline.eu\/web\/wp-json\/wp\/v2\/types\/page"}],"author":[{"embeddable":true,"href":"https:\/\/www.daedalusonline.eu\/web\/wp-json\/wp\/v2\/users\/1"}],"replies":[{"embeddable":true,"href":"https:\/\/www.daedalusonline.eu\/web\/wp-json\/wp\/v2\/comments?post=36"}],"version-history":[{"count":0,"href":"https:\/\/www.daedalusonline.eu\/web\/wp-json\/wp\/v2\/pages\/36\/revisions"}],"wp:featuredmedia":[{"embeddable":true,"href":"https:\/\/www.daedalusonline.eu\/web\/wp-json\/wp\/v2\/media\/470"}],"wp:attachment":[{"href":"https:\/\/www.daedalusonline.eu\/web\/wp-json\/wp\/v2\/media?parent=36"}],"curies":[{"name":"wp","href":"https:\/\/api.w.org\/{rel}","templated":true}]}}