{"id":5750,"date":"2025-06-05T14:08:31","date_gmt":"2025-06-05T12:08:31","guid":{"rendered":"https:\/\/www.daedalusonline.eu\/web\/?page_id=5750"},"modified":"2026-03-04T16:55:08","modified_gmt":"2026-03-04T14:55:08","slug":"competitie","status":"publish","type":"page","link":"https:\/\/www.daedalusonline.eu\/web\/competitie\/","title":{"rendered":"Competi\u021bie"},"content":{"rendered":"<h2><b>Aplica<\/b><b>\u021bia Daedalus Online&nbsp; <\/b><\/h2>\n<p>Bucur\u0103-te de acces rapid la sondaje \u0219i str\u00e2nge c\u00e2t mai multe XPs pentru a ajunge \u00een topul clasamentului, unde vei avea \u0219ansa s\u0103 fii premiat\/\u0103 cu puncte.&nbsp;<\/p>\n<p>&nbsp;<\/p>\n<p><img decoding=\"async\" class=\"alignleft wp-image-5793 \" src=\"https:\/\/www.daedalusonline.eu\/web\/wp-content\/uploads\/2025\/06\/OK-Design-fara-titlu-3-Photoroom-1.png\" alt=\"\" width=\"364\" height=\"333\"><b>Ce este nou?<\/b><\/p>\n<ul>\n<li><b>O experien\u021b\u0103 mai personalizat\u0103 de completare <\/b>\u2013 Acum \u00ee\u021bi po\u021bi pune o poz\u0103 de profil care s\u0103 te reprezinte \u0219i po\u021bi alege de c\u00e2te ori vrei s\u0103 fii notificat \u00een leg\u0103tur\u0103 cu sondajele disponibile, concursuri, campanii active \u0219i nu numai;<\/li>\n<\/ul>\n<p>&nbsp;<\/p>\n<ul>\n<li><b>U<\/b><b>n design <\/b><b>prietenos<\/b><b>, <\/b><b>creat<\/b><b> special <\/b><b>pentru<\/b><b> o <\/b><b>experien\u021b\u0103<\/b> <b>creativ\u0103<\/b> \u2013 Cu ajutorul pictogramelor acum este mai simplu ca niciodat\u0103 s\u0103 \u00een\u021belegi istoricul punctelor tale, sondajele completate, cererile de plat\u0103 efectuate sau chiar statusul t\u0103u GOLD;<\/li>\n<\/ul>\n<p>&nbsp;<\/p>\n<ul>\n<li><b>Noua sec\u021biune de <\/b><b>\u201c<\/b><b>Actualizare profil<\/b><b>\u201d<\/b><b> <\/b>\u2013 Am f\u0103cut mai u\u0219or procesul de actualizare a datelor tale demografice astfel \u00eenc\u00e2t s\u0103 prime\u0219ti mai multe sondaje relevante profilului t\u0103u actual, iar pentru completarea modulelor demografice vei fi recompensat cu XPs. Dup\u0103 completarea modulelor disponibile, acestea vor disp\u0103rea \u0219i vor ap\u0103rea din nou \u00een pagin\u0103 dup\u0103 o perioad\u0103, \u00een func\u021bie timpul trecut de la ultima actualizare a datelor.\n<p>\n<\/li>\n<\/ul>\n<p>&nbsp;<\/p>\n<h2 style=\"text-align: center;\">&nbsp; &nbsp; &nbsp;<a href=\"https:\/\/play.google.com\/store\/apps\/details?id=com.daedalus.proximityresearch\"><img decoding=\"async\" class=\"alignnone wp-image-5833 size-full\" src=\"https:\/\/www.daedalusonline.eu\/web\/wp-content\/uploads\/2025\/06\/Buton-Google-RO.png\" alt=\"\" width=\"300\" height=\"90\"><\/a> <a href=\"https:\/\/apps.apple.com\/us\/app\/daedalus-online\/id6447617571\"><img decoding=\"async\" class=\"alignnone wp-image-5821 size-full\" src=\"https:\/\/www.daedalusonline.eu\/web\/wp-content\/uploads\/2025\/06\/Buton-Apple-RO.png\" alt=\"\" width=\"300\" height=\"90\"><\/a><\/h2>\n<h2>&nbsp;<\/h2>\n<h2><strong>Competi\u021bie<\/strong><\/h2>\n<p>Scopul competi\u021biei este de a \u00eencuraja o utilizare activ\u0103 \u0219i constant\u0103 a aplica\u021biei, \u00een vederea acumul\u0103rii unui num\u0103r c\u00e2t mai mare de puncte de experien\u021b\u0103&nbsp;(XP). De asemenea, reprezint\u0103 \u00eenc\u0103 o modalitate de a valorifica activitatea constant\u0103 a responden\u021bilor. Num\u0103rul de XPs ob\u021binut determin\u0103 automat pozi\u021bionarea \u00een clasamentul general.<\/p>\n<p>&nbsp;<\/p>\n<p><b><img decoding=\"async\" class=\"alignright wp-image-5809 size-full\" src=\"https:\/\/www.daedalusonline.eu\/web\/wp-content\/uploads\/2025\/06\/Screenshot-2025-04-23-145137-1.png\" alt=\"\" width=\"374\" height=\"590\" srcset=\"https:\/\/www.daedalusonline.eu\/web\/wp-content\/uploads\/2025\/06\/Screenshot-2025-04-23-145137-1.png 374w, https:\/\/www.daedalusonline.eu\/web\/wp-content\/uploads\/2025\/06\/Screenshot-2025-04-23-145137-1-190x300.png 190w\" sizes=\"(max-width: 374px) 100vw, 374px\" \/><\/b><b>Intr\u0103 \u00een COMPETI\u021aIE \u0219i c\u00e2\u0219tig\u0103 XPs<\/b><\/p>\n<ol>\n<li>Completeaz\u0103 sondajele direct \u00een aplica\u021bie, iar la finalul acestora vei primi XPs, propor\u021bional cu num\u0103rul total de puncte oferite \u00een mod normal;<\/li>\n<li>Intr\u0103 regulat \u00een sec\u021biunea nou\u0103 numit\u0103 \u201cCompeti\u021bie\u201d \u0219i vezi unde te plasezi \u00een clasament, fa\u021b\u0103 de al\u021bi utilizatori;<\/li>\n<li>XP-urile se vor aduna de-a lungul unui sezon iar dac\u0103 te afli \u00een top 500, la finalul perioadei, vei fi recompensat cu puncte, \u00een func\u021bie de locul pe care \u00eel ocupi.<\/li>\n<\/ol>\n<p>Pentru mai multe detalii legate de acordarea XP-urilor, valoarea lor, clasamentul \u0219i alte condi\u021bii de participare, po\u021bi consulta regulamentul <a href=\"https:\/\/www.daedalusonline.eu\/web\/regulament\/regulament-competitie\/\">AICI<\/a>.<\/p>\n<p>&nbsp;<\/p>\n<h2><strong>Clasament Competi\u021bie<\/strong><\/h2>\n<p>Acceseaz\u0103 clasamentul de mai jos:<\/p>\n<p><a class=\"fasc-button fasc-size-medium fasc-type-popout fasc-rounded-medium\" style=\"background-color: #418826; color: #ffffff;\" href=\"https:\/\/www.daedalusonline.eu\/web\/wp-content\/uploads\/2026\/03\/RO_Clasament-Competitie-Iarna-Daedalus-Online-2025.pdf\">Competi\u021bie Iarn\u0103 2025<\/a><\/p>\n<p><a class=\"fasc-button fasc-size-medium fasc-type-popout fasc-rounded-medium\" style=\"background-color: #418826; color: #ffffff;\" href=\"https:\/\/www.daedalusonline.eu\/web\/wp-content\/uploads\/2025\/12\/RO_Clasament-Competitie-Toamna-Daedalus-Online-2025.pdf\">Competi\u021bie Toamn\u0103 2025<\/a><\/p>\n<p><a class=\"fasc-button fasc-size-medium fasc-type-popout fasc-rounded-medium\" style=\"background-color: #418826; color: #ffffff;\" href=\"https:\/\/www.daedalusonline.eu\/web\/wp-content\/uploads\/2025\/09\/RO_Clasament-Competitie-Vara-Daedalus-Online-2025.pdf\">Competi\u021bie Var\u0103 2025<\/a><\/p>\n<p><a class=\"fasc-button fasc-size-medium fasc-type-popout fasc-rounded-medium\" style=\"background-color: #3f8624; color: #f0f0f0;\" rel=\"nofollow\" href=\"https:\/\/www.daedalusonline.eu\/web\/wp-content\/uploads\/2025\/06\/RO_Clasament-Competitie-Primavara-Daedalus-Online-2025-1.pdf\">Competi\u021bie Prim\u0103var\u0103 2025<\/a><\/p>\n<p>&nbsp;<\/p>\n","protected":false},"excerpt":{"rendered":"<p>Aplica\u021bia Daedalus Online&nbsp; Bucur\u0103-te de acces rapid la sondaje \u0219i str\u00e2nge c\u00e2t mai multe XPs pentru a ajunge \u00een topul clasamentului, unde vei avea \u0219ansa s\u0103 fii premiat\/\u0103 cu puncte.&nbsp; &nbsp; Ce este nou? O experien\u021b\u0103 mai personalizat\u0103 de completare \u2013 Acum \u00ee\u021bi po\u021bi pune o poz\u0103 de profil care s\u0103 te reprezinte \u0219i po\u021bi alege de c\u00e2te ori vrei s\u0103 fii notificat \u00een leg\u0103tur\u0103 cu sondajele disponibile, concursuri, campanii active \u0219i nu numai; &nbsp; Un design prietenos, creat special pentru o experien\u021b\u0103 creativ\u0103 \u2013 Cu ajutorul pictogramelor acum este mai simplu ca niciodat\u0103 s\u0103 \u00een\u021belegi istoricul punctelor tale, sondajele [&hellip;]<\/p>\n","protected":false},"author":3,"featured_media":0,"parent":0,"menu_order":0,"comment_status":"closed","ping_status":"closed","template":"","meta":{"inline_featured_image":false,"footnotes":""},"class_list":["post-5750","page","type-page","status-publish","hentry"],"acf":[],"yoast_head":"<!-- This site is optimized with the Yoast SEO plugin v20.2.1 - https:\/\/yoast.com\/wordpress\/plugins\/seo\/ -->\n<title>Competi\u021bie - Daedalus<\/title>\n<meta name=\"robots\" content=\"index, follow, max-snippet:-1, max-image-preview:large, max-video-preview:-1\" \/>\n<link rel=\"canonical\" href=\"https:\/\/www.daedalusonline.eu\/web\/competitie\/\" \/>\n<meta property=\"og:locale\" content=\"ro_RO\" \/>\n<meta property=\"og:type\" content=\"article\" \/>\n<meta property=\"og:title\" content=\"Competi\u021bie - Daedalus\" \/>\n<meta property=\"og:description\" content=\"Aplica\u021bia Daedalus Online&nbsp; Bucur\u0103-te de acces rapid la sondaje \u0219i str\u00e2nge c\u00e2t mai multe XPs pentru a ajunge \u00een topul clasamentului, unde vei avea \u0219ansa s\u0103 fii premiat\/\u0103 cu puncte.&nbsp; &nbsp; Ce este nou? O experien\u021b\u0103 mai personalizat\u0103 de completare \u2013 Acum \u00ee\u021bi po\u021bi pune o poz\u0103 de profil care s\u0103 te reprezinte \u0219i po\u021bi alege de c\u00e2te ori vrei s\u0103 fii notificat \u00een leg\u0103tur\u0103 cu sondajele disponibile, concursuri, campanii active \u0219i nu numai; &nbsp; Un design prietenos, creat special pentru o experien\u021b\u0103 creativ\u0103 \u2013 Cu ajutorul pictogramelor acum este mai simplu ca niciodat\u0103 s\u0103 \u00een\u021belegi istoricul punctelor tale, sondajele [&hellip;]\" \/>\n<meta property=\"og:url\" content=\"https:\/\/www.daedalusonline.eu\/web\/competitie\/\" \/>\n<meta property=\"og:site_name\" content=\"Daedalus\" \/>\n<meta property=\"article:modified_time\" content=\"2026-03-04T14:55:08+00:00\" \/>\n<meta property=\"og:image\" content=\"https:\/\/www.daedalusonline.eu\/web\/wp-content\/uploads\/2025\/06\/OK-Design-fara-titlu-3-Photoroom-1.png\" \/>\n<meta name=\"twitter:card\" content=\"summary_large_image\" \/>\n<meta name=\"twitter:label1\" content=\"Timp estimat pentru citire\" \/>\n\t<meta name=\"twitter:data1\" content=\"3 minute\" \/>\n<script type=\"application\/ld+json\" class=\"yoast-schema-graph\">{\"@context\":\"https:\/\/schema.org\",\"@graph\":[{\"@type\":\"WebPage\",\"@id\":\"https:\/\/www.daedalusonline.eu\/web\/competitie\/\",\"url\":\"https:\/\/www.daedalusonline.eu\/web\/competitie\/\",\"name\":\"Competi\u021bie - Daedalus\",\"isPartOf\":{\"@id\":\"https:\/\/www.daedalusonline.eu\/web\/#website\"},\"datePublished\":\"2025-06-05T12:08:31+00:00\",\"dateModified\":\"2026-03-04T14:55:08+00:00\",\"inLanguage\":\"ro-RO\",\"potentialAction\":[{\"@type\":\"ReadAction\",\"target\":[\"https:\/\/www.daedalusonline.eu\/web\/competitie\/\"]}]},{\"@type\":\"WebSite\",\"@id\":\"https:\/\/www.daedalusonline.eu\/web\/#website\",\"url\":\"https:\/\/www.daedalusonline.eu\/web\/\",\"name\":\"Daedalus\",\"description\":\"\",\"potentialAction\":[{\"@type\":\"SearchAction\",\"target\":{\"@type\":\"EntryPoint\",\"urlTemplate\":\"https:\/\/www.daedalusonline.eu\/web\/?s={search_term_string}\"},\"query-input\":\"required name=search_term_string\"}],\"inLanguage\":\"ro-RO\"}]}<\/script>\n<!-- \/ Yoast SEO plugin. -->","yoast_head_json":{"title":"Competi\u021bie - Daedalus","robots":{"index":"index","follow":"follow","max-snippet":"max-snippet:-1","max-image-preview":"max-image-preview:large","max-video-preview":"max-video-preview:-1"},"canonical":"https:\/\/www.daedalusonline.eu\/web\/competitie\/","og_locale":"ro_RO","og_type":"article","og_title":"Competi\u021bie - Daedalus","og_description":"Aplica\u021bia Daedalus Online&nbsp; Bucur\u0103-te de acces rapid la sondaje \u0219i str\u00e2nge c\u00e2t mai multe XPs pentru a ajunge \u00een topul clasamentului, unde vei avea \u0219ansa s\u0103 fii premiat\/\u0103 cu puncte.&nbsp; &nbsp; Ce este nou? O experien\u021b\u0103 mai personalizat\u0103 de completare \u2013 Acum \u00ee\u021bi po\u021bi pune o poz\u0103 de profil care s\u0103 te reprezinte \u0219i po\u021bi alege de c\u00e2te ori vrei s\u0103 fii notificat \u00een leg\u0103tur\u0103 cu sondajele disponibile, concursuri, campanii active \u0219i nu numai; &nbsp; Un design prietenos, creat special pentru o experien\u021b\u0103 creativ\u0103 \u2013 Cu ajutorul pictogramelor acum este mai simplu ca niciodat\u0103 s\u0103 \u00een\u021belegi istoricul punctelor tale, sondajele [&hellip;]","og_url":"https:\/\/www.daedalusonline.eu\/web\/competitie\/","og_site_name":"Daedalus","article_modified_time":"2026-03-04T14:55:08+00:00","og_image":[{"url":"https:\/\/www.daedalusonline.eu\/web\/wp-content\/uploads\/2025\/06\/OK-Design-fara-titlu-3-Photoroom-1.png"}],"twitter_card":"summary_large_image","twitter_misc":{"Timp estimat pentru citire":"3 minute"},"schema":{"@context":"https:\/\/schema.org","@graph":[{"@type":"WebPage","@id":"https:\/\/www.daedalusonline.eu\/web\/competitie\/","url":"https:\/\/www.daedalusonline.eu\/web\/competitie\/","name":"Competi\u021bie - Daedalus","isPartOf":{"@id":"https:\/\/www.daedalusonline.eu\/web\/#website"},"datePublished":"2025-06-05T12:08:31+00:00","dateModified":"2026-03-04T14:55:08+00:00","inLanguage":"ro-RO","potentialAction":[{"@type":"ReadAction","target":["https:\/\/www.daedalusonline.eu\/web\/competitie\/"]}]},{"@type":"WebSite","@id":"https:\/\/www.daedalusonline.eu\/web\/#website","url":"https:\/\/www.daedalusonline.eu\/web\/","name":"Daedalus","description":"","potentialAction":[{"@type":"SearchAction","target":{"@type":"EntryPoint","urlTemplate":"https:\/\/www.daedalusonline.eu\/web\/?s={search_term_string}"},"query-input":"required name=search_term_string"}],"inLanguage":"ro-RO"}]}},"_links":{"self":[{"href":"https:\/\/www.daedalusonline.eu\/web\/wp-json\/wp\/v2\/pages\/5750","targetHints":{"allow":["GET"]}}],"collection":[{"href":"https:\/\/www.daedalusonline.eu\/web\/wp-json\/wp\/v2\/pages"}],"about":[{"href":"https:\/\/www.daedalusonline.eu\/web\/wp-json\/wp\/v2\/types\/page"}],"author":[{"embeddable":true,"href":"https:\/\/www.daedalusonline.eu\/web\/wp-json\/wp\/v2\/users\/3"}],"replies":[{"embeddable":true,"href":"https:\/\/www.daedalusonline.eu\/web\/wp-json\/wp\/v2\/comments?post=5750"}],"version-history":[{"count":22,"href":"https:\/\/www.daedalusonline.eu\/web\/wp-json\/wp\/v2\/pages\/5750\/revisions"}],"predecessor-version":[{"id":7494,"href":"https:\/\/www.daedalusonline.eu\/web\/wp-json\/wp\/v2\/pages\/5750\/revisions\/7494"}],"wp:attachment":[{"href":"https:\/\/www.daedalusonline.eu\/web\/wp-json\/wp\/v2\/media?parent=5750"}],"curies":[{"name":"wp","href":"https:\/\/api.w.org\/{rel}","templated":true}]}}